{"id":5141,"date":"2019-05-21T16:58:37","date_gmt":"2019-05-21T20:58:37","guid":{"rendered":"http:\/\/wp-pitou-urbain.eliappwordpress2aws.elisys-servers.ca\/?page_id=5141\/"},"modified":"2019-06-07T14:23:40","modified_gmt":"2019-06-07T18:23:40","slug":"a-propos-de-nous","status":"publish","type":"page","link":"https:\/\/pitourbain.ca\/fr\/a-propos-de-nous\/","title":{"rendered":"\u00c0 propos de nous"},"content":{"rendered":"<h2>Mission de Pitou Urbain Laval<\/h2>\n<p>Contribuer au d\u00e9veloppement d&rsquo;une relation harmonieuse entre le chien et son ma\u00eetre en apportant des solutions \u00e9ducatives et pr\u00e9ventives au bien-\u00eatre du chien.<\/p>\n<h2>Valeurs de Pitou Urbain Laval<\/h2>\n<ul>\n<li>Une approche personnalis\u00e9e&#8230; Chaque chien et chaque propri\u00e9taire est unique.<\/li>\n<li>Emploi de m\u00e9thodes douces, respectueuses et adapt\u00e9es au langage canin.<\/li>\n<li>Une intervention s\u00e9curitaire centr\u00e9e sur des stimulations cognitives, physiques et sociales du chien.<\/li>\n<li>Un service flexible adapt\u00e9 au mode de vie urbain, chez vous ou chez nous.<\/li>\n<li>Des professionnels comp\u00e9tents, certifi\u00e9s et assur\u00e9s.<\/li>\n<\/ul>\n<h2>Territoire desservi par Pitou Urbain Laval<\/h2>\n<p>Nous avons deux salles d&rsquo;entra\u00eenement pour les cours de groupes: une situ\u00e9e \u00e0 <a href=\"https:\/\/pitourbain.ca\/fr\/contactez-nous\/\">Dorval<\/a><strong>\u00a0<\/strong>et l&rsquo;autre \u00e0 <a href=\"https:\/\/pitourbain.ca\/fr\/contactez-nous\/\">Sainte-\u00c9lizabeth<\/a>, pr\u00e8s de <a href=\"https:\/\/pitourbain.ca\/fr\/contactez-nous\/\">Joliette<\/a>. Pour les cours\/consultation et autres services \u00e0 domiciles, nous nous d\u00e9pla\u00e7ons \u00e0 <a href=\"https:\/\/pitourbain.ca\/fr\/contactez-nous\/\">Montr\u00e9al<\/a>, <a href=\"https:\/\/pitourbain.ca\/fr\/contactez-nous\/\">Laval<\/a> , <a href=\"https:\/\/pitourbain.ca\/fr\/contactez-nous\/\">Lanaudi\u00e8re<\/a> et les <a href=\"https:\/\/pitourbain.ca\/fr\/contactez-nous\/\">Laurentides<\/a>. Si vous n&rsquo;\u00eates pas certain que nous pouvons vous offrir le service simplement <a href=\"https:\/\/pitourbain.ca\/fr\/contactez-nous\/\">nous contacter<\/a>, il nous fera plaisir de vous renseigner.<\/p>\n<h2>L&rsquo;\u00e9quipe de Pitou Urbain Laval<\/h2>\n<h3><strong>Paul et Danka<\/strong><\/h3>\n<p><img loading=\"lazy\" decoding=\"async\" width=\"120\" height=\"120\" class=\"size-full wp-image-5297 alignleft\" style=\"width: 120px; height: 120px; margin-left: 0px; margin-right: 8px;\" src=\"https:\/\/pitourbain.ca\/wp-content\/uploads\/2019\/05\/pau-danka.png\" alt=\"\" \/><\/p>\n<p>Nous sommes deux professionnels ainsi qu&rsquo;un couple dans la vraie vie. En 2013, nous avons d\u00e9cid\u00e9 de nous r\u00e9orienter vers une nouvelle carri\u00e8re afin de retrouver notre passion, celle des chiens, que nous d\u00e9sirons partager avec vous. C&rsquo;est la raison pour laquelle nous avons fond\u00e9 Pitou Urbain Laval. Nous comprenons de premi\u00e8re main les difficult\u00e9s rencontr\u00e9es des propri\u00e9taires de chiens dans la vie quotidienne, de m\u00eame que le sentiment de culpabilit\u00e9 qui les habite. Concilier les besoins du chien avec les exigences du travail et de la famille n&rsquo;est pas toujours \u00e9vident. Gr\u00e2ce \u00e0 Pitou Urbain Laval, nous apportons diverses solutions permettant aux propri\u00e9taires de chiens de retrouver une tranquillit\u00e9 d&rsquo;esprit tout en comblant les besoins essentiels du chien.<\/p>\n<p>Nous sommes tous deux certifi\u00e9s comme intervenant en comportement canin. Nous sommes membre du Club Canin Canadien(CCC) ainsi que du Canadian Association of Professional Pet and Dog Trainer (CAPPDT). Nous nous faisons un devoir d&rsquo;\u00eatre \u00e0 l&rsquo;affut des derni\u00e8res recherches et des nouvelles formations offertes dans le domaine de l&rsquo;\u00e9ducation canine. Tout derni\u00e8rement, nous avons \u00e9t\u00e9 initi\u00e9s \u00e0 l&rsquo;agilit\u00e9 et au rassemblement de moutons (herding).<\/p>\n<h2>Notre formation inclut :<\/h2>\n<ul>\n<li>\u00c9tude de la psychologie comportementale canine<\/li>\n<li>M\u00e9thode de gestion du comportement<\/li>\n<li>Entra\u00eenement au clicker<\/li>\n<li>Premiers soins<\/li>\n<li>Cours d&rsquo;ob\u00e9issance, freestyle (Ob\u00e9-rythm\u00e9e) et canicross<\/li>\n<li>Groupes et races de chiens<\/li>\n<li>Chien agressif<\/li>\n<\/ul>\n<h3><strong>Maryse<\/strong><\/h3>\n<p><a href=\"https:\/\/pitourbain.ca\/wp-content\/uploads\/2019\/05\/medium_IMG_1263Blk_0.png\"><img loading=\"lazy\" decoding=\"async\" class=\"alignleft size-full wp-image-5298\" src=\"https:\/\/pitourbain.ca\/wp-content\/uploads\/2019\/05\/medium_IMG_1263Blk_0.png\" alt=\"\" width=\"120\" height=\"120\" \/><\/a><\/p>\n<p>Avant tout, je suis une passionn\u00e9e des animaux. J&rsquo;\u0153uvre dans le domaine animalier depuis 1987, ayant acquis avec mon mari, une ferme d&rsquo;\u00e9levage avec des terres agricoles. Les chiens avaient aussi une place bien \u00e0 eux. Dans le but de venir en aide \u00e0 des personnes moins fortun\u00e9es, nous sommes devenus, \u00e0 deux reprises, famille d&rsquo;accueil pour la fondation Mira. J&rsquo;ai toujours eu \u00e0 c\u0153ur le bien-\u00eatre des animaux et j&rsquo;avais une grande attirance pour les chiens en g\u00e9n\u00e9ral. J&rsquo;ai donc suivi plusieurs formations.<\/p>\n<p>Le tout a commenc\u00e9 avec une <strong>formation Magist\u00e8re cyno-professionnelle<\/strong> appel\u00e9e maintenant <strong>Cyno-do<\/strong>, donn\u00e9e \u00e0 la facult\u00e9 de m\u00e9decine v\u00e9t\u00e9rinaire. Suite \u00e0 ce cours et d\u00e9sireuse de poursuivre un de mes r\u00eaves, j&rsquo;ai obtenu en 2010 mon dipl\u00f4me comme <strong>Technicienne en sant\u00e9 animale<\/strong>. Ma volont\u00e9 de vouloir aider les gens dans l&rsquo;\u00e9ducation de leur chien m&rsquo;a incit\u00e9e \u00e0 suivre une formation comme <strong>\u00c9ducateur canin<\/strong>. Avide de formation continue, j&rsquo;ai eu la chance de pouvoir suivre la formation <strong>Coach en comportement animal<\/strong> avec le <strong>Dr Jo\u00ebl Dehasse<\/strong> au courant de l&rsquo;ann\u00e9e 2014. Au cours de la derni\u00e8re ann\u00e9e, j&rsquo;ai suivi le cours d&rsquo;\u00e9thologie appliqu\u00e9 donn\u00e9 par le <strong>Dre. Marine Cassoret<\/strong>. L&rsquo;agressivit\u00e9 \u00e9tant souvent un probl\u00e8me rencontr\u00e9 dans le monde canin, j&rsquo;ai aussi assist\u00e9 \u00e0 un s\u00e9minaire sur l&rsquo;agressivit\u00e9 canine. J&rsquo;ai maintenant tout un bagage de connaissances pour aider les propri\u00e9taires dans <strong>l&rsquo;\u00e9ducation et la gestion des comportements canins<\/strong>. Je suis membre de l&rsquo;association des techniciens en sant\u00e9 animale du Qu\u00e9bec et de l&rsquo;association professionnelle des comportementalistes praticiens.<\/p>\n<p>Maryse Sauv\u00e9, TSA et comportementaliste praticienne<\/p>\n<p>Si vous cherchez des professionnels engag\u00e9s et passionn\u00e9s, capables de vous comprendre et d&rsquo;adapter leur intervention aux besoins de votre chien et du v\u00f4tre, alors n&rsquo;h\u00e9sitez pas \u00e0 <a href=\"https:\/\/pitourbain.ca\/fr\/contactez-nous\/\">contacter Pitou Urbain Laval<\/a>.<\/p>\n","protected":false},"excerpt":{"rendered":"<p>Mission de Contribuer au d\u00e9veloppement d&rsquo;une relation harmonieuse entre le chien et son ma\u00eetre en apportant des solutions \u00e9ducatives et pr\u00e9ventives au bien-\u00eatre du chien. Valeurs de Une approche personnalis\u00e9e&#8230; Chaque chien et chaque propri\u00e9taire est unique. Emploi de m\u00e9thodes douces, respectueuses et adapt\u00e9es au langage canin. Une intervention s\u00e9curitaire centr\u00e9e sur des stimulations cognitives, &hellip; <a href=\"https:\/\/pitourbain.ca\/fr\/a-propos-de-nous\/\">Continued<\/a><\/p>\n","protected":false},"author":1,"featured_media":0,"parent":0,"menu_order":0,"comment_status":"closed","ping_status":"closed","template":"template-no-sidebar.php","meta":{"_acf_changed":false,"footnotes":""},"class_list":["post-5141","page","type-page","status-publish","hentry"],"acf":[],"yoast_head":"<!-- This site is optimized with the Yoast SEO plugin v23.6 - https:\/\/yoast.com\/wordpress\/plugins\/seo\/ -->\n<title>Pourquoi Pitou Urbain? - Pitou Urbain<\/title>\n<meta name=\"description\" content=\"Pitou Urbain est LA nouvelle r\u00e9f\u00e9rence de l&#039;heure gr\u00e2ce \u00e0 sa surprenante approche de psychologie canine.\" \/>\n<meta name=\"robots\" content=\"index, follow, max-snippet:-1, max-image-preview:large, max-video-preview:-1\" \/>\n<meta property=\"og:locale\" content=\"fr_CA\" \/>\n<meta property=\"og:type\" content=\"article\" \/>\n<meta property=\"og:title\" content=\"Pourquoi Pitou Urbain? - Pitou Urbain\" \/>\n<meta property=\"og:description\" content=\"Pitou Urbain est LA nouvelle r\u00e9f\u00e9rence de l&#039;heure gr\u00e2ce \u00e0 sa surprenante approche de psychologie canine.\" \/>\n<meta property=\"og:url\" content=\"https:\/\/pitourbain.ca\/fr\/a-propos-de-nous\/\" \/>\n<meta property=\"og:site_name\" content=\"Pitou Urbain\" \/>\n<meta property=\"article:modified_time\" content=\"2019-06-07T18:23:40+00:00\" \/>\n<meta property=\"og:image\" content=\"https:\/\/pitourbain.ca\/wp-content\/uploads\/2019\/05\/pau-danka.png\" \/>\n<meta name=\"twitter:card\" content=\"summary_large_image\" \/>\n<meta name=\"twitter:label1\" content=\"Dur\u00e9e de lecture estim\u00e9e\" \/>\n\t<meta name=\"twitter:data1\" content=\"4 minutes\" \/>\n<script type=\"application\/ld+json\" class=\"yoast-schema-graph\">{\"@context\":\"https:\/\/schema.org\",\"@graph\":[{\"@type\":\"WebPage\",\"@id\":\"https:\/\/pitourbain.ca\/fr\/a-propos-de-nous\/\",\"url\":\"https:\/\/pitourbain.ca\/fr\/a-propos-de-nous\/\",\"name\":\"Pourquoi Pitou Urbain? - Pitou Urbain\",\"isPartOf\":{\"@id\":\"https:\/\/pitourbain.ca\/fr\/#website\"},\"primaryImageOfPage\":{\"@id\":\"https:\/\/pitourbain.ca\/fr\/a-propos-de-nous\/#primaryimage\"},\"image\":{\"@id\":\"https:\/\/pitourbain.ca\/fr\/a-propos-de-nous\/#primaryimage\"},\"thumbnailUrl\":\"https:\/\/pitourbain.ca\/wp-content\/uploads\/2019\/05\/pau-danka.png\",\"datePublished\":\"2019-05-21T20:58:37+00:00\",\"dateModified\":\"2019-06-07T18:23:40+00:00\",\"description\":\"Pitou Urbain est LA nouvelle r\u00e9f\u00e9rence de l'heure gr\u00e2ce \u00e0 sa surprenante approche de psychologie canine.\",\"breadcrumb\":{\"@id\":\"https:\/\/pitourbain.ca\/fr\/a-propos-de-nous\/#breadcrumb\"},\"inLanguage\":\"fr-FR\",\"potentialAction\":[{\"@type\":\"ReadAction\",\"target\":[\"https:\/\/pitourbain.ca\/fr\/a-propos-de-nous\/\"]}]},{\"@type\":\"ImageObject\",\"inLanguage\":\"fr-FR\",\"@id\":\"https:\/\/pitourbain.ca\/fr\/a-propos-de-nous\/#primaryimage\",\"url\":\"https:\/\/pitourbain.ca\/wp-content\/uploads\/2019\/05\/pau-danka.png\",\"contentUrl\":\"https:\/\/pitourbain.ca\/wp-content\/uploads\/2019\/05\/pau-danka.png\"},{\"@type\":\"BreadcrumbList\",\"@id\":\"https:\/\/pitourbain.ca\/fr\/a-propos-de-nous\/#breadcrumb\",\"itemListElement\":[{\"@type\":\"ListItem\",\"position\":1,\"name\":\"Accueil\",\"item\":\"https:\/\/pitourbain.ca\/fr\/\"},{\"@type\":\"ListItem\",\"position\":2,\"name\":\"\u00c0 propos de nous\"}]},{\"@type\":\"WebSite\",\"@id\":\"https:\/\/pitourbain.ca\/fr\/#website\",\"url\":\"https:\/\/pitourbain.ca\/fr\/\",\"name\":\"Pitou Urbain\",\"description\":\"\",\"potentialAction\":[{\"@type\":\"SearchAction\",\"target\":{\"@type\":\"EntryPoint\",\"urlTemplate\":\"https:\/\/pitourbain.ca\/fr\/?s={search_term_string}\"},\"query-input\":{\"@type\":\"PropertyValueSpecification\",\"valueRequired\":true,\"valueName\":\"search_term_string\"}}],\"inLanguage\":\"fr-FR\"}]}<\/script>\n<!-- \/ Yoast SEO plugin. -->","yoast_head_json":{"title":"Pourquoi Pitou Urbain? - Pitou Urbain","description":"Pitou Urbain est LA nouvelle r\u00e9f\u00e9rence de l'heure gr\u00e2ce \u00e0 sa surprenante approche de psychologie canine.","robots":{"index":"index","follow":"follow","max-snippet":"max-snippet:-1","max-image-preview":"max-image-preview:large","max-video-preview":"max-video-preview:-1"},"og_locale":"fr_CA","og_type":"article","og_title":"Pourquoi Pitou Urbain? - Pitou Urbain","og_description":"Pitou Urbain est LA nouvelle r\u00e9f\u00e9rence de l'heure gr\u00e2ce \u00e0 sa surprenante approche de psychologie canine.","og_url":"https:\/\/pitourbain.ca\/fr\/a-propos-de-nous\/","og_site_name":"Pitou Urbain","article_modified_time":"2019-06-07T18:23:40+00:00","og_image":[{"url":"https:\/\/pitourbain.ca\/wp-content\/uploads\/2019\/05\/pau-danka.png"}],"twitter_card":"summary_large_image","twitter_misc":{"Dur\u00e9e de lecture estim\u00e9e":"4 minutes"},"schema":{"@context":"https:\/\/schema.org","@graph":[{"@type":"WebPage","@id":"https:\/\/pitourbain.ca\/fr\/a-propos-de-nous\/","url":"https:\/\/pitourbain.ca\/fr\/a-propos-de-nous\/","name":"Pourquoi Pitou Urbain? - Pitou Urbain","isPartOf":{"@id":"https:\/\/pitourbain.ca\/fr\/#website"},"primaryImageOfPage":{"@id":"https:\/\/pitourbain.ca\/fr\/a-propos-de-nous\/#primaryimage"},"image":{"@id":"https:\/\/pitourbain.ca\/fr\/a-propos-de-nous\/#primaryimage"},"thumbnailUrl":"https:\/\/pitourbain.ca\/wp-content\/uploads\/2019\/05\/pau-danka.png","datePublished":"2019-05-21T20:58:37+00:00","dateModified":"2019-06-07T18:23:40+00:00","description":"Pitou Urbain est LA nouvelle r\u00e9f\u00e9rence de l'heure gr\u00e2ce \u00e0 sa surprenante approche de psychologie canine.","breadcrumb":{"@id":"https:\/\/pitourbain.ca\/fr\/a-propos-de-nous\/#breadcrumb"},"inLanguage":"fr-FR","potentialAction":[{"@type":"ReadAction","target":["https:\/\/pitourbain.ca\/fr\/a-propos-de-nous\/"]}]},{"@type":"ImageObject","inLanguage":"fr-FR","@id":"https:\/\/pitourbain.ca\/fr\/a-propos-de-nous\/#primaryimage","url":"https:\/\/pitourbain.ca\/wp-content\/uploads\/2019\/05\/pau-danka.png","contentUrl":"https:\/\/pitourbain.ca\/wp-content\/uploads\/2019\/05\/pau-danka.png"},{"@type":"BreadcrumbList","@id":"https:\/\/pitourbain.ca\/fr\/a-propos-de-nous\/#breadcrumb","itemListElement":[{"@type":"ListItem","position":1,"name":"Accueil","item":"https:\/\/pitourbain.ca\/fr\/"},{"@type":"ListItem","position":2,"name":"\u00c0 propos de nous"}]},{"@type":"WebSite","@id":"https:\/\/pitourbain.ca\/fr\/#website","url":"https:\/\/pitourbain.ca\/fr\/","name":"Pitou Urbain","description":"","potentialAction":[{"@type":"SearchAction","target":{"@type":"EntryPoint","urlTemplate":"https:\/\/pitourbain.ca\/fr\/?s={search_term_string}"},"query-input":{"@type":"PropertyValueSpecification","valueRequired":true,"valueName":"search_term_string"}}],"inLanguage":"fr-FR"}]}},"_links":{"self":[{"href":"https:\/\/pitourbain.ca\/fr\/wp-json\/wp\/v2\/pages\/5141"}],"collection":[{"href":"https:\/\/pitourbain.ca\/fr\/wp-json\/wp\/v2\/pages"}],"about":[{"href":"https:\/\/pitourbain.ca\/fr\/wp-json\/wp\/v2\/types\/page"}],"author":[{"embeddable":true,"href":"https:\/\/pitourbain.ca\/fr\/wp-json\/wp\/v2\/users\/1"}],"replies":[{"embeddable":true,"href":"https:\/\/pitourbain.ca\/fr\/wp-json\/wp\/v2\/comments?post=5141"}],"version-history":[{"count":0,"href":"https:\/\/pitourbain.ca\/fr\/wp-json\/wp\/v2\/pages\/5141\/revisions"}],"wp:attachment":[{"href":"https:\/\/pitourbain.ca\/fr\/wp-json\/wp\/v2\/media?parent=5141"}],"curies":[{"name":"wp","href":"https:\/\/api.w.org\/{rel}","templated":true}]}}