{"id":5142,"date":"2019-05-21T16:59:25","date_gmt":"2019-05-21T20:59:25","guid":{"rendered":"http:\/\/wp-pitou-urbain.eliappwordpress2aws.elisys-servers.ca\/?page_id=5142\/"},"modified":"2019-07-15T13:42:40","modified_gmt":"2019-07-15T17:42:40","slug":"dressage","status":"publish","type":"page","link":"https:\/\/pitourbain.ca\/fr\/dressage\/","title":{"rendered":"Cours d&rsquo;ob\u00e9issance \/ Dressage"},"content":{"rendered":"<p><img loading=\"lazy\" decoding=\"async\" class=\"alignleft wp-image-5300 size-full\" src=\"https:\/\/pitourbain.ca\/wp-content\/uploads\/2019\/05\/IMG_7513a_0-e1560262778133.jpg\" alt=\"\" width=\"350\" height=\"205\" \/><br \/>\n<img loading=\"lazy\" decoding=\"async\" class=\"alignleft wp-image-5299 size-full\" src=\"https:\/\/pitourbain.ca\/wp-content\/uploads\/2019\/05\/dressagedef-e1560262420331.png\" alt=\"\" width=\"280\" height=\"176\" \/><\/p>\n<p>&nbsp;<\/p>\n<p>&nbsp;<\/p>\n<p><strong>En priv\u00e9<\/strong>&#8230; chez vous ou chez nous.<\/p>\n<p>ou<\/p>\n<p><strong>En groupe<\/strong>&#8230; dans notre salle d&rsquo;entra\u00eenement<\/p>\n<p>Notre \u00e9cole <strong>\u00e9duque<\/strong> les chiens de toutes les races et de tous les \u00e2ges.<\/p>\n<p>Les cours d&rsquo;ob\u00e9issance \/ dressage sont <strong>bas\u00e9s<\/strong> sur la <strong>communication<\/strong> entre le ma\u00eetre et son chien ainsi que sur le d\u00e9veloppement d&rsquo;un lien de <strong>confiance mutuel<\/strong>. Le ma\u00eetre apprend \u00e0 \u00eatre un bon <strong>leader<\/strong> qui comprend le langage canin de m\u00eame que les besoins de son chien; le chien apprend \u00e0 \u00eatre <strong>attentif<\/strong> \u00e0 vos demandes et, par la m\u00eame occasion, apprend \u00e0 devenir un chien <strong>bien \u00e9lev\u00e9<\/strong> avec lequel vous serez fi\u00e8re de vous promener partout, et ce, en toute <strong>confiance<\/strong>.<\/p>\n<p>Les cours de dressage se doivent d&rsquo;\u00eatre <strong>plaisants<\/strong> et propices \u00e0 l&rsquo;apprentissage. Nous utilisons des m\u00e9thodes issues du <strong>conditionnement op\u00e9rant<\/strong> qui font appel au renforcement <strong>positif<\/strong> , un gage de succ\u00e8s <strong>prouv\u00e9<\/strong> \u00e0 long terme.<\/p>\n<p>Les objectifs d&rsquo;\u00e9ducation de chaque propri\u00e9taire et les besoins de chaque chien sont diff\u00e9rents. Vous devez d&rsquo;abord d\u00e9terminer en premier lieu lequel des cours priv\u00e9s ou en groupe r\u00e9pond le mieux \u00e0 vos attentes. Si vous n&rsquo;\u00eates pas certain de votre choix <a href=\"https:\/\/pitourbain.ca\/fr\/contactez-nous\/\">contacter-nous<\/a> il nous fera plaisir de vous aider.<\/p>\n<h3>Avantages des cours priv\u00e9s<img loading=\"lazy\" decoding=\"async\" class=\"alignright wp-image-5301 size-full\" src=\"https:\/\/pitourbain.ca\/wp-content\/uploads\/2019\/05\/dressage1-e1560262889705.jpg\" alt=\"\" width=\"300\" height=\"200\" \/><\/h3>\n<ul>\n<li>Cours priv\u00e9 et contenu <strong>personnalis\u00e9 adapt\u00e9<\/strong> au besoin du chien et du ma\u00eetre<\/li>\n<li>Environnement <strong>familier<\/strong> du chien<\/li>\n<li>Tant \u00e0 l&rsquo;ext\u00e9rieur qu&rsquo;\u00e0 l&rsquo;ext\u00e9rieur<\/li>\n<li>Ambiance <strong>non stressante<\/strong> et plus <strong>propice<\/strong> \u00e0 l&rsquo;apprentissage<\/li>\n<li><strong>Horaire flexible<\/strong> : jour, soir, semaine et fin de semaine<\/li>\n<li>Attention <strong>soutenue<\/strong> des \u00e9ducateurs vous permet d&rsquo;apprendre plus et d&rsquo;obtenir des r\u00e9sultats plus rapides<\/li>\n<\/ul>\n<h3>Avantages des cours en groupe<\/h3>\n<ul>\n<li>Le chien apprend \u00e0 travailler en pr\u00e9sence de <strong>distraction<\/strong> (autres chiens et humains)<\/li>\n<li><strong>Socialisation<\/strong> du chien dans un environnement contr\u00f4l\u00e9<\/li>\n<li>Apprentissage par reproduction ou <strong>mim\u00e9tisme<\/strong> &#8211; lorsque les comportements des autres chiens sont bons bien s\u00fbr!<\/li>\n<li>\u00c9change avec d&rsquo;autres propri\u00e9taires de chien<\/li>\n<li><strong>Confiance<\/strong> en soi et aux habilit\u00e9s du chien en pr\u00e9sence d&rsquo;autres chiens<\/li>\n<\/ul>\n<h3>Maternelle<\/h3>\n<p>Le cours d&rsquo;ob\u00e9issance de niveau maternelle s&rsquo;adresse aux propri\u00e9taires de <strong>chiots<\/strong>, \u00e2g\u00e9s entre <strong>8 et 16 semaines<\/strong>, qui d\u00e9sirent prendre tous les moyens pour <strong>assurer<\/strong> un bon d\u00e9part \u00e0 leur chiot. Les propri\u00e9taires apprendront des notions <strong>fondamentales<\/strong> sur les besoins de leur chien et sur les <strong>rudiments de l&rsquo;apprentissage.<\/strong><\/p>\n<p><strong>Cours th\u00e9orique<\/strong> : langage canin, les besoins du chiot et la socialisation, la cage, le mordillage, la pr\u00e9dation et le toilettage. Avant tout, nous prenons le temps de r\u00e9pondre \u00e0 vos pr\u00e9occupations li\u00e9es \u00e0 l&rsquo;\u00e9ducation de votre chiot.<\/p>\n<p><strong>Cours pratique<\/strong> : Introduction du chiot \u00e0 certains obstacles et aux commandements de base.<\/p>\n<div class=\"split\">\n<div class=\"item\">\n<h3>Base 1<\/h3>\n<p>Les cours de dressage \/ d&rsquo;ob\u00e9issance base 1 s&rsquo;adressent aux propri\u00e9taires de <strong>chiens \u00e2g\u00e9s de 4 mois et plus<\/strong> qui d\u00e9sirent <strong>am\u00e9liorer<\/strong> leurs connaissances et leurs techniques. Les cours peuvent s&rsquo;offrir en priv\u00e9 ou en groupe (6 chiens maximum).<\/p>\n<p><strong>Contenu des cours :<\/strong><\/p>\n<ul>\n<li>Marche au pied<\/li>\n<li>Assis<\/li>\n<li>Coucher<\/li>\n<li>Fixe<\/li>\n<li>Les changements de cadences<\/li>\n<li>Demi-tour<\/li>\n<li>Le rappel<\/li>\n<li>Les sorties supervis\u00e9es \u00e0 la porte<\/li>\n<li>Les commandements : reste et attend<\/li>\n<\/ul>\n<\/div>\n<div class=\"item\">\n<h3>Base 2<\/h3>\n<p><strong>Pr\u00e9requis : Base 1<\/strong><\/p>\n<p><strong>Contenu des cours :<\/strong><\/p>\n<ul>\n<li>Assis-reste<\/li>\n<li>Couche-reste<\/li>\n<li>Retour au pied<\/li>\n<li>Marche au pied avec ou sans distractions<\/li>\n<li>Rappel \u00e0 distance<\/li>\n<li>D\u00e9but des commandes \u00e0 distance<\/li>\n<li>Figure huit<\/li>\n<li>D\u00e9but de la marche au pied sans laisse<\/li>\n<\/ul>\n<\/div>\n<\/div>\n<h2 id=\"obeissance\">Cours d&rsquo;ob\u00e9issance \u00e0 l&rsquo;ext\u00e9rieur en petit groupe ou en priv\u00e9<\/h2>\n<p>Une fois \u00e0 l&rsquo;ext\u00e9rieur le chien est <strong>stimul\u00e9<\/strong> par tous les bruits, les odeurs et tout ce qu&rsquo;il voit autour de lui. Ses <strong>sens<\/strong> \u00e9tant tellement plus <strong>puissants<\/strong> que les n\u00f4tres, il est beaucoup plus difficile pour le chien de <strong>r\u00e9sister<\/strong> et d&rsquo;\u00e9couter son ma\u00eetre.<br \/>\n<img loading=\"lazy\" decoding=\"async\" class=\"wp-image-5302 size-full alignright\" src=\"https:\/\/pitourbain.ca\/wp-content\/uploads\/2019\/05\/dressage.png\" alt=\"\" width=\"283\" height=\"425\" srcset=\"https:\/\/pitourbain.ca\/wp-content\/uploads\/2019\/05\/dressage.png 283w, https:\/\/pitourbain.ca\/wp-content\/uploads\/2019\/05\/dressage-200x300.png 200w\" sizes=\"(max-width: 283px) 100vw, 283px\" \/><br \/>\nLe dressage \u00e0 l&rsquo;ext\u00e9rieur vient <strong>compl\u00e9ter<\/strong> ce que vous avez appris dans une salle d&rsquo;entra\u00eenement et <strong>solidifier<\/strong> les acquis et le <strong>lien<\/strong> que vous avez avec votre chien. Si vous trouvez que votre chien \u00e9coute <strong>parfaitement<\/strong> \u00e0 l&rsquo;int\u00e9rieur d&rsquo;une salle d&rsquo;entra\u00eenement, mais une fois arriv\u00e9e dehors, il tire sans cesse et n&rsquo;\u00e9coute pas, alors ce cours est <strong>recommand\u00e9<\/strong> pour vous.<\/p>\n<p>Les cours de dressage \u00e0 l&rsquo;ext\u00e9rieur sont offerts aux propri\u00e9taires dont le chien comprend bien les commandements de base \u00e0 l&rsquo;int\u00e9rieur et ont suivi un <strong>cours de base 1<\/strong> pr\u00e9alablement. Ce cours est offert en petit groupe de <strong>quatre chiens et moins<\/strong> ainsi qu&rsquo;en priv\u00e9.<\/p>\n<p>Nous r\u00e9visons les commandements de base et nous nous promenons dans des secteurs diff\u00e9rents chaque semaine.<\/p>\n<p>N&rsquo;oubliez pas, les places sont limit\u00e9es. <strong>Pour r\u00e9server<\/strong>, vous pouvez <a href=\"https:\/\/pitourbain.ca\/fr\/contactez-nous\/\">nous contacter par courriel ou par t\u00e9l\u00e9phone<\/a>.<\/p>\n<h3>Freestyle (ou ob\u00e9 rythm\u00e9e)<\/h3>\n<p><strong>Vous d\u00e9sirez<\/strong> d\u00e9couvrir une nouvelle activit\u00e9 \u00e0 faire avec votre chien? Vous voulez <strong>tisser<\/strong> un lien encore plus <strong>fort<\/strong> avec votre animal tout en ayant du <strong>plaisir<\/strong>? Le <strong>Freestyle<\/strong> est un exercice <strong>parfait<\/strong> pour d\u00e9velopper une belle <strong>complicit\u00e9<\/strong>. L&rsquo;apprentissage se fait avec de la musique, et le chien apprend \u00e0 \u00eatre <strong>compl\u00e8tement<\/strong> attentif \u00e0 vos demandes. \u00c0 la fin du cours, vous serez en mesure de <strong>danser<\/strong> avec votre chien sur un encha\u00eenement de mouvements bien \u00e0 vous. Le freestyle est une forme de dressage plaisante pour votre chien autant que pour vous.<\/p>\n<p><strong>Pr\u00e9requis : base 1, ainsi qu&rsquo;un chien et un propri\u00e9taire en sant\u00e9!<\/strong><\/p>\n<h2 id=\"comportement\">Consultation priv\u00e9e pour la gestion comportementale<\/h2>\n<p>Chez vous ou chez nous, selon votre horaire&#8230;<\/p>\n<p>La plupart des <strong>comportements ind\u00e9sirables<\/strong>, chez les chiens, s&rsquo;ils sont corrig\u00e9s ad\u00e9quatement, <strong>peuvent dispara\u00eetre<\/strong> ou, \u00e0 tout le moins, s&rsquo;am\u00e9liorer. Alors, n&rsquo;h\u00e9sitez pas \u00e0 nous consulter, car vous tol\u00e9rez peut-\u00eatre une situation qui perdure et qui cr\u00e9e des <strong>tensions<\/strong> familiales. N&rsquo;oubliez pas que si un chien adopte un comportement <strong>ind\u00e9sirable<\/strong>, celui-ci deviendra de plus en plus ancr\u00e9 et donc <strong>difficile \u00e0 corriger<\/strong>.<\/p>\n<p>En somme, si votre chien jappe excessivement, d\u00e9truit vos biens, se sauve, est malpropre, saute sur les visiteurs, tire en laisse, est agressif envers les autres chiens, etc., n&rsquo;h\u00e9sitez pas \u00e0 faire appel \u00e0 nos <strong>sp\u00e9cialistes<\/strong> en dressage. Nous vous fournirons des techniques <strong>simples<\/strong>, <strong>pr\u00e9cises<\/strong> et le soutien n\u00e9cessaire pour mettre fin ou am\u00e9liorer ce comportement.<\/p>\n<div class=\"split\">\n<div class=\"item\">\n<h4>La consultation inclut<\/h4>\n<p>&nbsp;<\/p>\n<ul>\n<li>L&rsquo;\u00e9valuation du chien et de son environnement<\/li>\n<li>L&rsquo;\u00e9laboration d&rsquo;un plan d&rsquo;intervention<\/li>\n<li>Un suivi t\u00e9l\u00e9phonique ou en personne<\/li>\n<\/ul>\n<\/div>\n<div class=\"item\">\n<h4>Garantie du service<\/h4>\n<p>&nbsp;<\/p>\n<p>En raison de nombreuses variables et de l&rsquo;impr\u00e9visibilit\u00e9 de la nature de certains comportements, nous ne pouvons garantir le r\u00e9sultat de l&rsquo;intervention. Toutefois, nous vous assurons que les m\u00e9thodes de gestion comportementale qui sont utilis\u00e9es sont des m\u00e9thodes qui ont fait leurs preuves et qui ont un taux de succ\u00e8s important. Soyez assur\u00e9 que nous n&rsquo;h\u00e9siterons pas \u00e0 faire appel \u00e0 des ressources professionnelles externes au besoin.<\/p>\n<p>&nbsp;<\/p>\n<\/div>\n<\/div>\n<h2 id=\"atelier\">Ateliers \u00e9ducatifs<\/h2>\n<p>Nous offrons divers ateliers \u00e9ducatifs dont le but premier est la <strong>pr\u00e9vention<\/strong>. Nos ateliers sont <strong>offerts<\/strong> \u00e0 des \u00e9coles, \u00e0 des centres communautaires et \u00e0 des groupes priv\u00e9s.<\/p>\n<h3>Atelier de pr\u00e9vention aux morsures de chiens<\/h3>\n<p>Cet atelier s&rsquo;adresse aux jeunes de 6 \u00e0 11 ans<\/p>\n<div class=\"split\">\n<div class=\"item\">\n<h4>Objectifs :<\/h4>\n<p>&nbsp;<\/p>\n<p><strong>Apprendre aux jeunes \u00e0 :<\/strong><\/p>\n<ul>\n<li>Approcher un chien de fa\u00e7on s\u00e9curitaire<\/li>\n<li>Interpr\u00e9ter les principales postures qui traduisent les intentions du chien<\/li>\n<li>Conna\u00eetre des positions de protection en pr\u00e9sence d&rsquo;un chien mena\u00e7ant<\/li>\n<li>Bien r\u00e9agir si quelqu&rsquo;un proche de nous se fait mordre par un chien<\/li>\n<\/ul>\n<\/div>\n<div class=\"item\">\n<h4>Description du programme :<\/h4>\n<p>&nbsp;<\/p>\n<p><strong>L&rsquo;atelier est avant tout interactif.<\/strong><\/p>\n<p>Des notions th\u00e9oriques sont transmises, et des mises en situation concr\u00e8tes avec un toutou en peluche sont effectu\u00e9es.<\/p>\n<p>Les jeunes seront invit\u00e9s par la suite \u00e0 venir caresser ad\u00e9quatement un vrai chien.<\/p>\n<\/div>\n<\/div>\n<h3>Pr\u00e9parer votre chien \u00e0 la venue de b\u00e9b\u00e9<\/h3>\n<p>Cet atelier s&rsquo;adresse aux couples attendant l&rsquo;arriv\u00e9e d&rsquo;un <strong>b\u00e9b\u00e9<\/strong> prochainement.<\/p>\n<p>Il est possible et m\u00eame <strong>pr\u00e9f\u00e9rable<\/strong> de pr\u00e9parer notre chien \u00e0 la venue d&rsquo;un enfant. R\u00e9gler <strong>imm\u00e9diatement<\/strong> de petites choses avant l&rsquo;arriv\u00e9e de b\u00e9b\u00e9 contribuera \u00e0 <strong>diminuer votre stress<\/strong> lors de votre retour \u00e0 la maison.<\/p>\n<p><strong>Contenus abord\u00e9s :<\/strong><\/p>\n<ul>\n<li>Votre chien et les enfants, les risques<\/li>\n<li>Quoi faire avant et apr\u00e8s l&rsquo;accouchement<\/li>\n<li>L&rsquo;\u00e9tablissement de limites<\/li>\n<li>Les objets et jouets de b\u00e9b\u00e9<\/li>\n<li>La poussette<\/li>\n<li>L&rsquo;heure de l&rsquo;allaitement<\/li>\n<li>L&rsquo;horaire<\/li>\n<\/ul>\n","protected":false},"excerpt":{"rendered":"<p>&nbsp; &nbsp; En priv\u00e9&#8230; chez vous ou chez nous. ou En groupe&#8230; dans notre salle d&rsquo;entra\u00eenement Notre \u00e9cole \u00e9duque les chiens de toutes les races et de tous les \u00e2ges. Les cours d&rsquo;ob\u00e9issance \/ dressage sont bas\u00e9s sur la communication entre le ma\u00eetre et son chien ainsi que sur le d\u00e9veloppement d&rsquo;un lien de confiance &hellip; <a href=\"https:\/\/pitourbain.ca\/fr\/dressage\/\">Continued<\/a><\/p>\n","protected":false},"author":1,"featured_media":0,"parent":0,"menu_order":0,"comment_status":"closed","ping_status":"closed","template":"template-services.php","meta":{"_acf_changed":false,"footnotes":""},"class_list":["post-5142","page","type-page","status-publish","hentry"],"acf":[],"yoast_head":"<!-- This site is optimized with the Yoast SEO plugin v23.6 - https:\/\/yoast.com\/wordpress\/plugins\/seo\/ -->\n<title>Dressage de Chiens, \u00e9ducation canine et ateliers \u00e9ducatifs - Pitou Urbain<\/title>\n<meta name=\"description\" content=\"Pitou Urbain est LA nouvelle r\u00e9f\u00e9rence de l&#039;heure gr\u00e2ce \u00e0 sa surprenante approche de dressage de chiens.\" \/>\n<meta name=\"robots\" content=\"index, follow, max-snippet:-1, max-image-preview:large, max-video-preview:-1\" \/>\n<meta property=\"og:locale\" content=\"fr_CA\" \/>\n<meta property=\"og:type\" content=\"article\" \/>\n<meta property=\"og:title\" content=\"Dressage de Chiens, \u00e9ducation canine et ateliers \u00e9ducatifs - Pitou Urbain\" \/>\n<meta property=\"og:description\" content=\"Pitou Urbain est LA nouvelle r\u00e9f\u00e9rence de l&#039;heure gr\u00e2ce \u00e0 sa surprenante approche de dressage de chiens.\" \/>\n<meta property=\"og:url\" content=\"https:\/\/pitourbain.ca\/fr\/dressage\/\" \/>\n<meta property=\"og:site_name\" content=\"Pitou Urbain\" \/>\n<meta property=\"article:modified_time\" content=\"2019-07-15T17:42:40+00:00\" \/>\n<meta property=\"og:image\" content=\"https:\/\/pitourbain.ca\/wp-content\/uploads\/2019\/05\/IMG_7513a_0-e1560262778133.jpg\" \/>\n<meta name=\"twitter:card\" content=\"summary_large_image\" \/>\n<meta name=\"twitter:label1\" content=\"Dur\u00e9e de lecture estim\u00e9e\" \/>\n\t<meta name=\"twitter:data1\" content=\"7 minutes\" \/>\n<script type=\"application\/ld+json\" class=\"yoast-schema-graph\">{\"@context\":\"https:\/\/schema.org\",\"@graph\":[{\"@type\":\"WebPage\",\"@id\":\"https:\/\/pitourbain.ca\/fr\/dressage\/\",\"url\":\"https:\/\/pitourbain.ca\/fr\/dressage\/\",\"name\":\"Dressage de Chiens, \u00e9ducation canine et ateliers \u00e9ducatifs - Pitou Urbain\",\"isPartOf\":{\"@id\":\"https:\/\/pitourbain.ca\/fr\/#website\"},\"primaryImageOfPage\":{\"@id\":\"https:\/\/pitourbain.ca\/fr\/dressage\/#primaryimage\"},\"image\":{\"@id\":\"https:\/\/pitourbain.ca\/fr\/dressage\/#primaryimage\"},\"thumbnailUrl\":\"https:\/\/pitourbain.ca\/wp-content\/uploads\/2019\/05\/IMG_7513a_0-e1560262778133.jpg\",\"datePublished\":\"2019-05-21T20:59:25+00:00\",\"dateModified\":\"2019-07-15T17:42:40+00:00\",\"description\":\"Pitou Urbain est LA nouvelle r\u00e9f\u00e9rence de l'heure gr\u00e2ce \u00e0 sa surprenante approche de dressage de chiens.\",\"breadcrumb\":{\"@id\":\"https:\/\/pitourbain.ca\/fr\/dressage\/#breadcrumb\"},\"inLanguage\":\"fr-FR\",\"potentialAction\":[{\"@type\":\"ReadAction\",\"target\":[\"https:\/\/pitourbain.ca\/fr\/dressage\/\"]}]},{\"@type\":\"ImageObject\",\"inLanguage\":\"fr-FR\",\"@id\":\"https:\/\/pitourbain.ca\/fr\/dressage\/#primaryimage\",\"url\":\"https:\/\/pitourbain.ca\/wp-content\/uploads\/2019\/05\/IMG_7513a_0-e1560262778133.jpg\",\"contentUrl\":\"https:\/\/pitourbain.ca\/wp-content\/uploads\/2019\/05\/IMG_7513a_0-e1560262778133.jpg\"},{\"@type\":\"BreadcrumbList\",\"@id\":\"https:\/\/pitourbain.ca\/fr\/dressage\/#breadcrumb\",\"itemListElement\":[{\"@type\":\"ListItem\",\"position\":1,\"name\":\"Accueil\",\"item\":\"https:\/\/pitourbain.ca\/fr\/\"},{\"@type\":\"ListItem\",\"position\":2,\"name\":\"Cours d&rsquo;ob\u00e9issance \/ Dressage\"}]},{\"@type\":\"WebSite\",\"@id\":\"https:\/\/pitourbain.ca\/fr\/#website\",\"url\":\"https:\/\/pitourbain.ca\/fr\/\",\"name\":\"Pitou Urbain\",\"description\":\"\",\"potentialAction\":[{\"@type\":\"SearchAction\",\"target\":{\"@type\":\"EntryPoint\",\"urlTemplate\":\"https:\/\/pitourbain.ca\/fr\/?s={search_term_string}\"},\"query-input\":{\"@type\":\"PropertyValueSpecification\",\"valueRequired\":true,\"valueName\":\"search_term_string\"}}],\"inLanguage\":\"fr-FR\"}]}<\/script>\n<!-- \/ Yoast SEO plugin. -->","yoast_head_json":{"title":"Dressage de Chiens, \u00e9ducation canine et ateliers \u00e9ducatifs - Pitou Urbain","description":"Pitou Urbain est LA nouvelle r\u00e9f\u00e9rence de l'heure gr\u00e2ce \u00e0 sa surprenante approche de dressage de chiens.","robots":{"index":"index","follow":"follow","max-snippet":"max-snippet:-1","max-image-preview":"max-image-preview:large","max-video-preview":"max-video-preview:-1"},"og_locale":"fr_CA","og_type":"article","og_title":"Dressage de Chiens, \u00e9ducation canine et ateliers \u00e9ducatifs - Pitou Urbain","og_description":"Pitou Urbain est LA nouvelle r\u00e9f\u00e9rence de l'heure gr\u00e2ce \u00e0 sa surprenante approche de dressage de chiens.","og_url":"https:\/\/pitourbain.ca\/fr\/dressage\/","og_site_name":"Pitou Urbain","article_modified_time":"2019-07-15T17:42:40+00:00","og_image":[{"url":"https:\/\/pitourbain.ca\/wp-content\/uploads\/2019\/05\/IMG_7513a_0-e1560262778133.jpg"}],"twitter_card":"summary_large_image","twitter_misc":{"Dur\u00e9e de lecture estim\u00e9e":"7 minutes"},"schema":{"@context":"https:\/\/schema.org","@graph":[{"@type":"WebPage","@id":"https:\/\/pitourbain.ca\/fr\/dressage\/","url":"https:\/\/pitourbain.ca\/fr\/dressage\/","name":"Dressage de Chiens, \u00e9ducation canine et ateliers \u00e9ducatifs - Pitou Urbain","isPartOf":{"@id":"https:\/\/pitourbain.ca\/fr\/#website"},"primaryImageOfPage":{"@id":"https:\/\/pitourbain.ca\/fr\/dressage\/#primaryimage"},"image":{"@id":"https:\/\/pitourbain.ca\/fr\/dressage\/#primaryimage"},"thumbnailUrl":"https:\/\/pitourbain.ca\/wp-content\/uploads\/2019\/05\/IMG_7513a_0-e1560262778133.jpg","datePublished":"2019-05-21T20:59:25+00:00","dateModified":"2019-07-15T17:42:40+00:00","description":"Pitou Urbain est LA nouvelle r\u00e9f\u00e9rence de l'heure gr\u00e2ce \u00e0 sa surprenante approche de dressage de chiens.","breadcrumb":{"@id":"https:\/\/pitourbain.ca\/fr\/dressage\/#breadcrumb"},"inLanguage":"fr-FR","potentialAction":[{"@type":"ReadAction","target":["https:\/\/pitourbain.ca\/fr\/dressage\/"]}]},{"@type":"ImageObject","inLanguage":"fr-FR","@id":"https:\/\/pitourbain.ca\/fr\/dressage\/#primaryimage","url":"https:\/\/pitourbain.ca\/wp-content\/uploads\/2019\/05\/IMG_7513a_0-e1560262778133.jpg","contentUrl":"https:\/\/pitourbain.ca\/wp-content\/uploads\/2019\/05\/IMG_7513a_0-e1560262778133.jpg"},{"@type":"BreadcrumbList","@id":"https:\/\/pitourbain.ca\/fr\/dressage\/#breadcrumb","itemListElement":[{"@type":"ListItem","position":1,"name":"Accueil","item":"https:\/\/pitourbain.ca\/fr\/"},{"@type":"ListItem","position":2,"name":"Cours d&rsquo;ob\u00e9issance \/ Dressage"}]},{"@type":"WebSite","@id":"https:\/\/pitourbain.ca\/fr\/#website","url":"https:\/\/pitourbain.ca\/fr\/","name":"Pitou Urbain","description":"","potentialAction":[{"@type":"SearchAction","target":{"@type":"EntryPoint","urlTemplate":"https:\/\/pitourbain.ca\/fr\/?s={search_term_string}"},"query-input":{"@type":"PropertyValueSpecification","valueRequired":true,"valueName":"search_term_string"}}],"inLanguage":"fr-FR"}]}},"_links":{"self":[{"href":"https:\/\/pitourbain.ca\/fr\/wp-json\/wp\/v2\/pages\/5142"}],"collection":[{"href":"https:\/\/pitourbain.ca\/fr\/wp-json\/wp\/v2\/pages"}],"about":[{"href":"https:\/\/pitourbain.ca\/fr\/wp-json\/wp\/v2\/types\/page"}],"author":[{"embeddable":true,"href":"https:\/\/pitourbain.ca\/fr\/wp-json\/wp\/v2\/users\/1"}],"replies":[{"embeddable":true,"href":"https:\/\/pitourbain.ca\/fr\/wp-json\/wp\/v2\/comments?post=5142"}],"version-history":[{"count":0,"href":"https:\/\/pitourbain.ca\/fr\/wp-json\/wp\/v2\/pages\/5142\/revisions"}],"wp:attachment":[{"href":"https:\/\/pitourbain.ca\/fr\/wp-json\/wp\/v2\/media?parent=5142"}],"curies":[{"name":"wp","href":"https:\/\/api.w.org\/{rel}","templated":true}]}}