{"id":5149,"date":"2019-05-21T17:04:01","date_gmt":"2019-05-21T21:04:01","guid":{"rendered":"http:\/\/wp-pitou-urbain.eliappwordpress2aws.elisys-servers.ca\/?page_id=5149\/"},"modified":"2019-07-15T14:59:01","modified_gmt":"2019-07-15T18:59:01","slug":"promeneur-de-chien","status":"publish","type":"page","link":"https:\/\/pitourbain.ca\/fr\/promeneur-de-chien\/","title":{"rendered":"Promenade de chien (r\u00e9guli\u00e8re ou \u00e9ducative)"},"content":{"rendered":"<p><img loading=\"lazy\" decoding=\"async\" class=\"alignleft size-medium wp-image-5304\" src=\"https:\/\/pitourbain.ca\/wp-content\/uploads\/2019\/05\/service-promenade-300x175.jpg\" alt=\"\" width=\"300\" height=\"175\" srcset=\"https:\/\/pitourbain.ca\/wp-content\/uploads\/2019\/05\/service-promenade-300x175.jpg 300w, https:\/\/pitourbain.ca\/wp-content\/uploads\/2019\/05\/service-promenade-768x448.jpg 768w, https:\/\/pitourbain.ca\/wp-content\/uploads\/2019\/05\/service-promenade-1024x597.jpg 1024w, https:\/\/pitourbain.ca\/wp-content\/uploads\/2019\/05\/service-promenade-1140x665.jpg 1140w, https:\/\/pitourbain.ca\/wp-content\/uploads\/2019\/05\/service-promenade-770x449.jpg 770w, https:\/\/pitourbain.ca\/wp-content\/uploads\/2019\/05\/service-promenade.jpg 1200w\" sizes=\"(max-width: 300px) 100vw, 300px\" \/><br \/>\nVotre horaire de travail a chang\u00e9? Vous n&rsquo;avez pas la sant\u00e9 pour sortir votre chien? Celui-ci a un niveau d&rsquo;\u00e9nergie tr\u00e8s \u00e9lev\u00e9 et vous vous sentez coupable de ne pas lui offrir le temps et l&rsquo;attention dont il a besoin? Peu importe la raison qui vous am\u00e8ne \u00e0 nous, notre service de promenade est une solution <strong>pr\u00e9ventive<\/strong> \u00e0 la sant\u00e9 de votre chien qui fera de votre pitou un chien <strong>heureux<\/strong> et, par la m\u00eame occasion, vous fournira la <strong>tranquillit\u00e9 d&rsquo;esprit<\/strong>.<\/p>\n<p>Une <strong>\u00e9valuation gratuite<\/strong> sera faite par nos promeneurs de chien afin de d\u00e9terminer le type de marche et la fr\u00e9quence recommand\u00e9e.<\/p>\n<ul>\n<li>Nos promeneurs de chiens sont <strong>form\u00e9s<\/strong> et <strong>assur\u00e9s<\/strong>. Ils sont choisis tant pour leurs comp\u00e9tences que pour leur amour des chiens.<\/li>\n<li>Nos promeneurs de chiens vous proposeront des promenades <strong>sur mesure<\/strong> dans votre quartier.<\/li>\n<li>Nos promeneurs de chiens viennent \u00e0 l&rsquo;heure souhait\u00e9e selon les habitudes de votre pitou.<\/li>\n<li>Nos promeneurs de chiens <strong>adapteront<\/strong> leur rythme et la vitesse des promenades selon la condition physique et les besoins \u00e9nerg\u00e9tiques de votre chien qu&rsquo;il s&rsquo;agisse de la course \u00e0 pied, la marche rapide ou lente.<\/li>\n<\/ul>\n<p>Pour le chien qui ne sait pas marcher au pied, la <strong>promenade \u00e9ducative<\/strong> est recommand\u00e9e. Plus qu&rsquo;une simple marche, la promenade \u00e9ducative r\u00e9pond au besoin de stimulation <strong>cognitive<\/strong> et <strong>physique<\/strong> du chien ainsi qu&rsquo;\u00e0 son besoin de socialisation. Pendant la promenade, nos promeneurs de chiens emploient des <strong>m\u00e9thodes \u00e9prouv\u00e9es<\/strong> qui favoriseront l&rsquo;attention du chien. En effet, 45 minutes de marche \u00e9ducative avec nous \u00e9quivalent \u00e0 1 h 30 de marche r\u00e9guli\u00e8re.<\/p>\n<p>Une <strong>\u00e9valuation gratuite<\/strong> sera faite par nos promeneurs de chien afin de d\u00e9terminer le type de marche et la fr\u00e9quence recommand\u00e9e.<\/p>\n<h2>Le service de promenade de chien comprend :<\/h2>\n<ul>\n<li>Une premi\u00e8re rencontre d&rsquo;<strong>\u00e9valuation gratuite<\/strong> effectu\u00e9e \u00e0 votre domicile<\/li>\n<li>Une <strong>marche de 45 minutes<\/strong>: marche, \u00e9ducation et caresses<\/li>\n<li>Eau et r\u00e9compenses (si permises)<\/li>\n<li>Sac pour les d\u00e9chets<\/li>\n<li><strong>Nettoyage du chien<\/strong> au retour de la promenade<\/li>\n<li>Un rapport journalier envoyer au propri\u00e9taire apr\u00e8s chaque marche.<\/li>\n<\/ul>\n<div class=\"featBox\">\n<p><strong>Diff\u00e9rents forfaits s&rsquo;offrent \u00e0 vous.<\/strong><\/p>\n<p><strong>Plus vous achetez des marches \u00e0 l&rsquo;avance, plus vous \u00e9conomiserez.<\/strong><\/p>\n<p><strong><a href=\"https:\/\/pitourbain.ca\/fr\/contactez-nous\/\">Contactez-nous<\/a> pour plus d&rsquo;information sur nos forfaits et nos prix.<\/strong><\/p>\n<\/div>\n","protected":false},"excerpt":{"rendered":"<p>Votre horaire de travail a chang\u00e9? Vous n&rsquo;avez pas la sant\u00e9 pour sortir votre chien? Celui-ci a un niveau d&rsquo;\u00e9nergie tr\u00e8s \u00e9lev\u00e9 et vous vous sentez coupable de ne pas lui offrir le temps et l&rsquo;attention dont il a besoin? Peu importe la raison qui vous am\u00e8ne \u00e0 nous, notre service de promenade est une &hellip; <a href=\"https:\/\/pitourbain.ca\/fr\/promeneur-de-chien\/\">Continued<\/a><\/p>\n","protected":false},"author":1,"featured_media":0,"parent":0,"menu_order":0,"comment_status":"closed","ping_status":"closed","template":"template-services.php","meta":{"_acf_changed":false,"footnotes":""},"class_list":["post-5149","page","type-page","status-publish","hentry"],"acf":[],"yoast_head":"<!-- This site is optimized with the Yoast SEO plugin v23.6 - https:\/\/yoast.com\/wordpress\/plugins\/seo\/ -->\n<title>Promeneurs de chiens certifi\u00e9s - Pitou Urbain<\/title>\n<meta name=\"description\" content=\"Vous n\u2019avez pas la sant\u00e9, l&#039;\u00e9nergie ou l&#039;horaire pour sortir votre chien? Nos promeneurs de chien vous \u00e9paterons!\" \/>\n<meta name=\"robots\" content=\"index, follow, max-snippet:-1, max-image-preview:large, max-video-preview:-1\" \/>\n<meta property=\"og:locale\" content=\"fr_CA\" \/>\n<meta property=\"og:type\" content=\"article\" \/>\n<meta property=\"og:title\" content=\"Promeneurs de chiens certifi\u00e9s - Pitou Urbain\" \/>\n<meta property=\"og:description\" content=\"Vous n\u2019avez pas la sant\u00e9, l&#039;\u00e9nergie ou l&#039;horaire pour sortir votre chien? Nos promeneurs de chien vous \u00e9paterons!\" \/>\n<meta property=\"og:url\" content=\"https:\/\/pitourbain.ca\/fr\/promeneur-de-chien\/\" \/>\n<meta property=\"og:site_name\" content=\"Pitou Urbain\" \/>\n<meta property=\"article:modified_time\" content=\"2019-07-15T18:59:01+00:00\" \/>\n<meta property=\"og:image\" content=\"https:\/\/pitourbain.ca\/wp-content\/uploads\/2019\/05\/service-promenade-300x175.jpg\" \/>\n<meta name=\"twitter:card\" content=\"summary_large_image\" \/>\n<meta name=\"twitter:label1\" content=\"Dur\u00e9e de lecture estim\u00e9e\" \/>\n\t<meta name=\"twitter:data1\" content=\"2 minutes\" \/>\n<script type=\"application\/ld+json\" class=\"yoast-schema-graph\">{\"@context\":\"https:\/\/schema.org\",\"@graph\":[{\"@type\":\"WebPage\",\"@id\":\"https:\/\/pitourbain.ca\/fr\/promeneur-de-chien\/\",\"url\":\"https:\/\/pitourbain.ca\/fr\/promeneur-de-chien\/\",\"name\":\"Promeneurs de chiens certifi\u00e9s - Pitou Urbain\",\"isPartOf\":{\"@id\":\"https:\/\/pitourbain.ca\/fr\/#website\"},\"primaryImageOfPage\":{\"@id\":\"https:\/\/pitourbain.ca\/fr\/promeneur-de-chien\/#primaryimage\"},\"image\":{\"@id\":\"https:\/\/pitourbain.ca\/fr\/promeneur-de-chien\/#primaryimage\"},\"thumbnailUrl\":\"https:\/\/pitourbain.ca\/wp-content\/uploads\/2019\/05\/service-promenade-300x175.jpg\",\"datePublished\":\"2019-05-21T21:04:01+00:00\",\"dateModified\":\"2019-07-15T18:59:01+00:00\",\"description\":\"Vous n\u2019avez pas la sant\u00e9, l'\u00e9nergie ou l'horaire pour sortir votre chien? Nos promeneurs de chien vous \u00e9paterons!\",\"breadcrumb\":{\"@id\":\"https:\/\/pitourbain.ca\/fr\/promeneur-de-chien\/#breadcrumb\"},\"inLanguage\":\"fr-FR\",\"potentialAction\":[{\"@type\":\"ReadAction\",\"target\":[\"https:\/\/pitourbain.ca\/fr\/promeneur-de-chien\/\"]}]},{\"@type\":\"ImageObject\",\"inLanguage\":\"fr-FR\",\"@id\":\"https:\/\/pitourbain.ca\/fr\/promeneur-de-chien\/#primaryimage\",\"url\":\"https:\/\/pitourbain.ca\/wp-content\/uploads\/2019\/05\/service-promenade-300x175.jpg\",\"contentUrl\":\"https:\/\/pitourbain.ca\/wp-content\/uploads\/2019\/05\/service-promenade-300x175.jpg\"},{\"@type\":\"BreadcrumbList\",\"@id\":\"https:\/\/pitourbain.ca\/fr\/promeneur-de-chien\/#breadcrumb\",\"itemListElement\":[{\"@type\":\"ListItem\",\"position\":1,\"name\":\"Accueil\",\"item\":\"https:\/\/pitourbain.ca\/fr\/\"},{\"@type\":\"ListItem\",\"position\":2,\"name\":\"Promenade de chien (r\u00e9guli\u00e8re ou \u00e9ducative)\"}]},{\"@type\":\"WebSite\",\"@id\":\"https:\/\/pitourbain.ca\/fr\/#website\",\"url\":\"https:\/\/pitourbain.ca\/fr\/\",\"name\":\"Pitou Urbain\",\"description\":\"\",\"potentialAction\":[{\"@type\":\"SearchAction\",\"target\":{\"@type\":\"EntryPoint\",\"urlTemplate\":\"https:\/\/pitourbain.ca\/fr\/?s={search_term_string}\"},\"query-input\":{\"@type\":\"PropertyValueSpecification\",\"valueRequired\":true,\"valueName\":\"search_term_string\"}}],\"inLanguage\":\"fr-FR\"}]}<\/script>\n<!-- \/ Yoast SEO plugin. -->","yoast_head_json":{"title":"Promeneurs de chiens certifi\u00e9s - Pitou Urbain","description":"Vous n\u2019avez pas la sant\u00e9, l'\u00e9nergie ou l'horaire pour sortir votre chien? Nos promeneurs de chien vous \u00e9paterons!","robots":{"index":"index","follow":"follow","max-snippet":"max-snippet:-1","max-image-preview":"max-image-preview:large","max-video-preview":"max-video-preview:-1"},"og_locale":"fr_CA","og_type":"article","og_title":"Promeneurs de chiens certifi\u00e9s - Pitou Urbain","og_description":"Vous n\u2019avez pas la sant\u00e9, l'\u00e9nergie ou l'horaire pour sortir votre chien? Nos promeneurs de chien vous \u00e9paterons!","og_url":"https:\/\/pitourbain.ca\/fr\/promeneur-de-chien\/","og_site_name":"Pitou Urbain","article_modified_time":"2019-07-15T18:59:01+00:00","og_image":[{"url":"https:\/\/pitourbain.ca\/wp-content\/uploads\/2019\/05\/service-promenade-300x175.jpg"}],"twitter_card":"summary_large_image","twitter_misc":{"Dur\u00e9e de lecture estim\u00e9e":"2 minutes"},"schema":{"@context":"https:\/\/schema.org","@graph":[{"@type":"WebPage","@id":"https:\/\/pitourbain.ca\/fr\/promeneur-de-chien\/","url":"https:\/\/pitourbain.ca\/fr\/promeneur-de-chien\/","name":"Promeneurs de chiens certifi\u00e9s - Pitou Urbain","isPartOf":{"@id":"https:\/\/pitourbain.ca\/fr\/#website"},"primaryImageOfPage":{"@id":"https:\/\/pitourbain.ca\/fr\/promeneur-de-chien\/#primaryimage"},"image":{"@id":"https:\/\/pitourbain.ca\/fr\/promeneur-de-chien\/#primaryimage"},"thumbnailUrl":"https:\/\/pitourbain.ca\/wp-content\/uploads\/2019\/05\/service-promenade-300x175.jpg","datePublished":"2019-05-21T21:04:01+00:00","dateModified":"2019-07-15T18:59:01+00:00","description":"Vous n\u2019avez pas la sant\u00e9, l'\u00e9nergie ou l'horaire pour sortir votre chien? Nos promeneurs de chien vous \u00e9paterons!","breadcrumb":{"@id":"https:\/\/pitourbain.ca\/fr\/promeneur-de-chien\/#breadcrumb"},"inLanguage":"fr-FR","potentialAction":[{"@type":"ReadAction","target":["https:\/\/pitourbain.ca\/fr\/promeneur-de-chien\/"]}]},{"@type":"ImageObject","inLanguage":"fr-FR","@id":"https:\/\/pitourbain.ca\/fr\/promeneur-de-chien\/#primaryimage","url":"https:\/\/pitourbain.ca\/wp-content\/uploads\/2019\/05\/service-promenade-300x175.jpg","contentUrl":"https:\/\/pitourbain.ca\/wp-content\/uploads\/2019\/05\/service-promenade-300x175.jpg"},{"@type":"BreadcrumbList","@id":"https:\/\/pitourbain.ca\/fr\/promeneur-de-chien\/#breadcrumb","itemListElement":[{"@type":"ListItem","position":1,"name":"Accueil","item":"https:\/\/pitourbain.ca\/fr\/"},{"@type":"ListItem","position":2,"name":"Promenade de chien (r\u00e9guli\u00e8re ou \u00e9ducative)"}]},{"@type":"WebSite","@id":"https:\/\/pitourbain.ca\/fr\/#website","url":"https:\/\/pitourbain.ca\/fr\/","name":"Pitou Urbain","description":"","potentialAction":[{"@type":"SearchAction","target":{"@type":"EntryPoint","urlTemplate":"https:\/\/pitourbain.ca\/fr\/?s={search_term_string}"},"query-input":{"@type":"PropertyValueSpecification","valueRequired":true,"valueName":"search_term_string"}}],"inLanguage":"fr-FR"}]}},"_links":{"self":[{"href":"https:\/\/pitourbain.ca\/fr\/wp-json\/wp\/v2\/pages\/5149"}],"collection":[{"href":"https:\/\/pitourbain.ca\/fr\/wp-json\/wp\/v2\/pages"}],"about":[{"href":"https:\/\/pitourbain.ca\/fr\/wp-json\/wp\/v2\/types\/page"}],"author":[{"embeddable":true,"href":"https:\/\/pitourbain.ca\/fr\/wp-json\/wp\/v2\/users\/1"}],"replies":[{"embeddable":true,"href":"https:\/\/pitourbain.ca\/fr\/wp-json\/wp\/v2\/comments?post=5149"}],"version-history":[{"count":1,"href":"https:\/\/pitourbain.ca\/fr\/wp-json\/wp\/v2\/pages\/5149\/revisions"}],"predecessor-version":[{"id":5188,"href":"https:\/\/pitourbain.ca\/fr\/wp-json\/wp\/v2\/pages\/5149\/revisions\/5188"}],"wp:attachment":[{"href":"https:\/\/pitourbain.ca\/fr\/wp-json\/wp\/v2\/media?parent=5149"}],"curies":[{"name":"wp","href":"https:\/\/api.w.org\/{rel}","templated":true}]}}