{"id":5150,"date":"2019-05-21T17:04:33","date_gmt":"2019-05-21T21:04:33","guid":{"rendered":"http:\/\/wp-pitou-urbain.eliappwordpress2aws.elisys-servers.ca\/?page_id=5150\/"},"modified":"2019-07-15T15:00:06","modified_gmt":"2019-07-15T19:00:06","slug":"garderie-chien-chat","status":"publish","type":"page","link":"https:\/\/pitourbain.ca\/fr\/garderie-chien-chat\/","title":{"rendered":"Garderie pour chien \/ Pension \u00e9ducative"},"content":{"rendered":"<p><img loading=\"lazy\" decoding=\"async\" class=\"alignleft size-medium wp-image-5303\" src=\"https:\/\/pitourbain.ca\/wp-content\/uploads\/2019\/05\/pitourbain-chienetchat2_0-300x175.jpg\" alt=\"\" width=\"300\" height=\"175\" srcset=\"https:\/\/pitourbain.ca\/wp-content\/uploads\/2019\/05\/pitourbain-chienetchat2_0-300x175.jpg 300w, https:\/\/pitourbain.ca\/wp-content\/uploads\/2019\/05\/pitourbain-chienetchat2_0-768x448.jpg 768w, https:\/\/pitourbain.ca\/wp-content\/uploads\/2019\/05\/pitourbain-chienetchat2_0-1024x597.jpg 1024w, https:\/\/pitourbain.ca\/wp-content\/uploads\/2019\/05\/pitourbain-chienetchat2_0-1140x665.jpg 1140w, https:\/\/pitourbain.ca\/wp-content\/uploads\/2019\/05\/pitourbain-chienetchat2_0-770x449.jpg 770w, https:\/\/pitourbain.ca\/wp-content\/uploads\/2019\/05\/pitourbain-chienetchat2_0.jpg 1200w\" sizes=\"(max-width: 300px) 100vw, 300px\" \/><\/p>\n<p>Le mode de vie tr\u00e8s <strong>occup\u00e9<\/strong> des familles travaillant \u00e0 l&rsquo;ext\u00e9rieur du domicile rend parfois <strong>difficile<\/strong> la satisfaction des besoins du chien. Apr\u00e8s de <strong>longues<\/strong> heures pass\u00e9es seul, pitou peut d\u00e9velopper des <strong>comportements ind\u00e9sirables<\/strong>. La garderie \u00e9ducative pour chien est un bon moyen de <strong>pr\u00e9vention<\/strong>, d&rsquo;\u00e9ducation et de socialisation.<\/p>\n<p>Chez <strong>Pitou Urbain Laval<\/strong>, nous offrons une <strong>garderie pour chien<\/strong> dans un environnement familial <strong>s\u00e9curitaire<\/strong> ainsi qu&rsquo;un encadrement stimulant et peu stressant <strong>adapt\u00e9<\/strong> aux besoins de votre compagnon. En plus de fournir deux promenades de 45 minutes par jour, il aura acc\u00e8s \u00e0 une cour arri\u00e8re <strong>cl\u00f4tur\u00e9e<\/strong>. Votre chien aura \u00e9galement droit \u00e0 une p\u00e9riode de <strong>jeux<\/strong> et de <strong>repos<\/strong> respectant ses besoins. Il sera nourri selon son horaire habituel. Si vous le d\u00e9sirez, nous travaillerons avec votre chien afin d&rsquo;<strong>am\u00e9liorer <\/strong>certains comportements.<\/p>\n<p>L&rsquo;attention <strong>personnalis\u00e9e<\/strong> que ce service n\u00e9cessite nous permet d&rsquo;accepter que <strong>deux<\/strong> chiens en garderie par jour.<\/p>\n<p>Si vous d\u00e9sirez un chien <strong>stimul\u00e9<\/strong> et <strong>heureux<\/strong> et avoir la tranquillit\u00e9 d&rsquo;esprit de savoir son chien bien encadr\u00e9 par des <strong>sp\u00e9cialistes<\/strong> du domaine canin, n&rsquo;h\u00e9sitez pas \u00e0 <a href=\"https:\/\/pitourbain.ca\/fr\/contactez-nous\/\">nous contacter<\/a>.<\/p>\n<div class=\"featBox\">\n<p>Vous voulez gagner du temps? Remplissez votre demande et envoyez-la-nous pour que nous puissions \u00e9tudier votre dossier.<\/p>\n<p>&nbsp;<\/p>\n<p><a href=\"https:\/\/pitourbain.ca\/wp-content\/uploads\/2019\/05\/demandedeservice-fr.pdf\" target=\"_blank\" rel=\"noopener\">Cliquez ici pour t\u00e9l\u00e9charger le formulaire.<\/a><\/p>\n<p>&nbsp;<\/p>\n<p><strong>Marche \u00e0 suivre<\/strong><\/p>\n<ol>\n<li><strong>Avant de remplir ce formulaire, veuillez le sauvegarder en format PDF dans votre ordinateur<\/strong><\/li>\n<li><strong>Veuillez nous faire parvenir le formulaire compl\u00e9t\u00e9 \u00e0 l&rsquo;adresse courriel suivante:<\/strong><\/li>\n<\/ol>\n<p><strong>Pour Laval:\u00a0<a href=\"mailto:info@pitourbain.ca\">info@pitourbain.ca<\/a><\/strong><\/p>\n<p><strong>Pour Sainte-Elisabeth:\u00a0<a href=\"mailto:msauve@pitourbain.ca\">msauve@pitourbain.ca<\/a><\/strong><\/p>\n<\/div>\n<h2 id=\"visite\">Visite \u00e0 domicile pour chiens et chats<\/h2>\n<p>Ce service consiste \u00e0 r\u00e9pondre aux besoins et aux exigences <strong>explicites<\/strong> du chien ainsi qu&rsquo;a celui du chat.<\/p>\n<p>Des <strong>professionnels canins<\/strong> se rendent \u00e0 votre domicile, une \u00e0 trois fois par jour (minimum de 45 min par visite). Ce service ne remplace pas le service de garderie ou de pension pour chien, mais est plut\u00f4t une <strong>alternative<\/strong> offerte aux diff\u00e9rentes situations. <strong>Vous nous fournissez<\/strong> : la nourriture de votre animal, ainsi que toutes les informations pertinentes \u00e0 savoir : ses habitudes de promenade, le num\u00e9ro de votre v\u00e9t\u00e9rinaire, etc. Nous administrons m\u00eame les m\u00e9dicaments.<\/p>\n<div class=\"split col-3\">\n<div class=\"item\">\n<p><strong>Les avantages pour votre animal<\/strong> :<\/p>\n<ul>\n<li>Beaucoup <strong>moins stressant<\/strong> qu&rsquo;un chenil ou tout autre type de garderie. Certains chiens ou chats habitu\u00e9s \u00e0 leur environnement sont <strong>d\u00e9boussol\u00e9s<\/strong> lorsqu&rsquo;on les sort de leur cadre. Ce service leur permet d&rsquo;acc\u00e9der aux soins dont ils ont besoin tout en restant dans leur cadre de vie.<\/li>\n<li>Il conserve ses habitudes<\/li>\n<li><strong>Aucun stress<\/strong> li\u00e9 au transport<\/li>\n<li>Il apprendra plus <strong>vite<\/strong> \u00e0 \u00e9vacuer ses besoins \u00e0 l&rsquo;ext\u00e9rieur tout en lui permettant de <strong>r\u00e9duire<\/strong> son trop-plein d&rsquo;\u00e9nergie (chiot)<\/li>\n<\/ul>\n<\/div>\n<div class=\"item\">\n<p><strong>Les avantages pour le ma\u00eetre<\/strong> :<\/p>\n<ul>\n<li>Une <strong>surveillance<\/strong> pour votre domicile<\/li>\n<li>Des nouvelles quotidiennes<\/li>\n<li>Revenir \u00e0 la maison dans un environnement <strong>propre<\/strong>, retrouver un animal <strong>moins excit\u00e9<\/strong>, mais surtout avoir la tranquillit\u00e9 d&rsquo;esprit de savoir son chien bien encadr\u00e9 et trait\u00e9 <strong>aux petits soins<\/strong> par des sp\u00e9cialistes du domaine.<\/li>\n<\/ul>\n<\/div>\n<div class=\"item\">\n<p><strong>Le service inclut<\/strong> :<\/p>\n<ul>\n<li>1re rencontre \u00e0 votre domicile <strong>sans frais<\/strong>, afin de bien comprendre vos besoins et rencontrer votre chien ou votre chat<\/li>\n<li>Sortir le chien (ou le promener), sortir ou faire rentrer les chats<\/li>\n<li><strong>Nettoyer la cage<\/strong>, la liti\u00e8re au besoin<\/li>\n<li>Donner de la nourriture et de l&rsquo;eau<\/li>\n<li>Fournir les sacs \u00e0 d\u00e9chets<\/li>\n<li>P\u00e9riode de <strong>jeux<\/strong> et de <strong>caresses<\/strong><\/li>\n<li>Administrer des <strong>m\u00e9dicaments<\/strong> au besoin<\/li>\n<li>Autres services adapt\u00e9s \u00e0 vos besoins (ex. : arroser les plantes, etc.)<\/li>\n<li>Fournir un <strong>rapport<\/strong> journalier<\/li>\n<\/ul>\n<\/div>\n<\/div>\n<h2>Pour qui?<\/h2>\n<p>Ce service est <strong>id\u00e9al<\/strong> pour les chats, le chien anxieux, malade, agressif envers d&rsquo;autres chiens, non castr\u00e9, non vaccin\u00e9, en chaleur ainsi que pendant l&rsquo;apprentissage de la propret\u00e9 du chiot.<\/p>\n","protected":false},"excerpt":{"rendered":"<p>Le mode de vie tr\u00e8s occup\u00e9 des familles travaillant \u00e0 l&rsquo;ext\u00e9rieur du domicile rend parfois difficile la satisfaction des besoins du chien. Apr\u00e8s de longues heures pass\u00e9es seul, pitou peut d\u00e9velopper des comportements ind\u00e9sirables. La garderie \u00e9ducative pour chien est un bon moyen de pr\u00e9vention, d&rsquo;\u00e9ducation et de socialisation. Chez , nous offrons une garderie &hellip; <a href=\"https:\/\/pitourbain.ca\/fr\/garderie-chien-chat\/\">Continued<\/a><\/p>\n","protected":false},"author":1,"featured_media":0,"parent":0,"menu_order":0,"comment_status":"closed","ping_status":"closed","template":"template-services.php","meta":{"_acf_changed":false,"footnotes":""},"class_list":["post-5150","page","type-page","status-publish","hentry"],"acf":[],"yoast_head":"<!-- This site is optimized with the Yoast SEO plugin v23.6 - https:\/\/yoast.com\/wordpress\/plugins\/seo\/ -->\n<title>Pension \u00e9ducative, Garderie pour chien et chat - Pitou Urbain<\/title>\n<meta name=\"description\" content=\"Offrez vous la tranquillit\u00e9 d&#039;esprit et un chien heureux aux bons soins de la garderie \u00e9ducative Pitou Urbain!\" \/>\n<meta name=\"robots\" content=\"index, follow, max-snippet:-1, max-image-preview:large, max-video-preview:-1\" \/>\n<meta property=\"og:locale\" content=\"fr_CA\" \/>\n<meta property=\"og:type\" content=\"article\" \/>\n<meta property=\"og:title\" content=\"Pension \u00e9ducative, Garderie pour chien et chat - Pitou Urbain\" \/>\n<meta property=\"og:description\" content=\"Offrez vous la tranquillit\u00e9 d&#039;esprit et un chien heureux aux bons soins de la garderie \u00e9ducative Pitou Urbain!\" \/>\n<meta property=\"og:url\" content=\"https:\/\/pitourbain.ca\/fr\/garderie-chien-chat\/\" \/>\n<meta property=\"og:site_name\" content=\"Pitou Urbain\" \/>\n<meta property=\"article:modified_time\" content=\"2019-07-15T19:00:06+00:00\" \/>\n<meta property=\"og:image\" content=\"https:\/\/pitourbain.ca\/wp-content\/uploads\/2019\/05\/pitourbain-chienetchat2_0-300x175.jpg\" \/>\n<meta name=\"twitter:card\" content=\"summary_large_image\" \/>\n<meta name=\"twitter:label1\" content=\"Dur\u00e9e de lecture estim\u00e9e\" \/>\n\t<meta name=\"twitter:data1\" content=\"3 minutes\" \/>\n<script type=\"application\/ld+json\" class=\"yoast-schema-graph\">{\"@context\":\"https:\/\/schema.org\",\"@graph\":[{\"@type\":\"WebPage\",\"@id\":\"https:\/\/pitourbain.ca\/fr\/garderie-chien-chat\/\",\"url\":\"https:\/\/pitourbain.ca\/fr\/garderie-chien-chat\/\",\"name\":\"Pension \u00e9ducative, Garderie pour chien et chat - Pitou Urbain\",\"isPartOf\":{\"@id\":\"https:\/\/pitourbain.ca\/fr\/#website\"},\"primaryImageOfPage\":{\"@id\":\"https:\/\/pitourbain.ca\/fr\/garderie-chien-chat\/#primaryimage\"},\"image\":{\"@id\":\"https:\/\/pitourbain.ca\/fr\/garderie-chien-chat\/#primaryimage\"},\"thumbnailUrl\":\"https:\/\/pitourbain.ca\/wp-content\/uploads\/2019\/05\/pitourbain-chienetchat2_0-300x175.jpg\",\"datePublished\":\"2019-05-21T21:04:33+00:00\",\"dateModified\":\"2019-07-15T19:00:06+00:00\",\"description\":\"Offrez vous la tranquillit\u00e9 d'esprit et un chien heureux aux bons soins de la garderie \u00e9ducative Pitou Urbain!\",\"breadcrumb\":{\"@id\":\"https:\/\/pitourbain.ca\/fr\/garderie-chien-chat\/#breadcrumb\"},\"inLanguage\":\"fr-FR\",\"potentialAction\":[{\"@type\":\"ReadAction\",\"target\":[\"https:\/\/pitourbain.ca\/fr\/garderie-chien-chat\/\"]}]},{\"@type\":\"ImageObject\",\"inLanguage\":\"fr-FR\",\"@id\":\"https:\/\/pitourbain.ca\/fr\/garderie-chien-chat\/#primaryimage\",\"url\":\"https:\/\/pitourbain.ca\/wp-content\/uploads\/2019\/05\/pitourbain-chienetchat2_0-300x175.jpg\",\"contentUrl\":\"https:\/\/pitourbain.ca\/wp-content\/uploads\/2019\/05\/pitourbain-chienetchat2_0-300x175.jpg\"},{\"@type\":\"BreadcrumbList\",\"@id\":\"https:\/\/pitourbain.ca\/fr\/garderie-chien-chat\/#breadcrumb\",\"itemListElement\":[{\"@type\":\"ListItem\",\"position\":1,\"name\":\"Accueil\",\"item\":\"https:\/\/pitourbain.ca\/fr\/\"},{\"@type\":\"ListItem\",\"position\":2,\"name\":\"Garderie pour chien \/ Pension \u00e9ducative\"}]},{\"@type\":\"WebSite\",\"@id\":\"https:\/\/pitourbain.ca\/fr\/#website\",\"url\":\"https:\/\/pitourbain.ca\/fr\/\",\"name\":\"Pitou Urbain\",\"description\":\"\",\"potentialAction\":[{\"@type\":\"SearchAction\",\"target\":{\"@type\":\"EntryPoint\",\"urlTemplate\":\"https:\/\/pitourbain.ca\/fr\/?s={search_term_string}\"},\"query-input\":{\"@type\":\"PropertyValueSpecification\",\"valueRequired\":true,\"valueName\":\"search_term_string\"}}],\"inLanguage\":\"fr-FR\"}]}<\/script>\n<!-- \/ Yoast SEO plugin. -->","yoast_head_json":{"title":"Pension \u00e9ducative, Garderie pour chien et chat - Pitou Urbain","description":"Offrez vous la tranquillit\u00e9 d'esprit et un chien heureux aux bons soins de la garderie \u00e9ducative Pitou Urbain!","robots":{"index":"index","follow":"follow","max-snippet":"max-snippet:-1","max-image-preview":"max-image-preview:large","max-video-preview":"max-video-preview:-1"},"og_locale":"fr_CA","og_type":"article","og_title":"Pension \u00e9ducative, Garderie pour chien et chat - Pitou Urbain","og_description":"Offrez vous la tranquillit\u00e9 d'esprit et un chien heureux aux bons soins de la garderie \u00e9ducative Pitou Urbain!","og_url":"https:\/\/pitourbain.ca\/fr\/garderie-chien-chat\/","og_site_name":"Pitou Urbain","article_modified_time":"2019-07-15T19:00:06+00:00","og_image":[{"url":"https:\/\/pitourbain.ca\/wp-content\/uploads\/2019\/05\/pitourbain-chienetchat2_0-300x175.jpg"}],"twitter_card":"summary_large_image","twitter_misc":{"Dur\u00e9e de lecture estim\u00e9e":"3 minutes"},"schema":{"@context":"https:\/\/schema.org","@graph":[{"@type":"WebPage","@id":"https:\/\/pitourbain.ca\/fr\/garderie-chien-chat\/","url":"https:\/\/pitourbain.ca\/fr\/garderie-chien-chat\/","name":"Pension \u00e9ducative, Garderie pour chien et chat - Pitou Urbain","isPartOf":{"@id":"https:\/\/pitourbain.ca\/fr\/#website"},"primaryImageOfPage":{"@id":"https:\/\/pitourbain.ca\/fr\/garderie-chien-chat\/#primaryimage"},"image":{"@id":"https:\/\/pitourbain.ca\/fr\/garderie-chien-chat\/#primaryimage"},"thumbnailUrl":"https:\/\/pitourbain.ca\/wp-content\/uploads\/2019\/05\/pitourbain-chienetchat2_0-300x175.jpg","datePublished":"2019-05-21T21:04:33+00:00","dateModified":"2019-07-15T19:00:06+00:00","description":"Offrez vous la tranquillit\u00e9 d'esprit et un chien heureux aux bons soins de la garderie \u00e9ducative Pitou Urbain!","breadcrumb":{"@id":"https:\/\/pitourbain.ca\/fr\/garderie-chien-chat\/#breadcrumb"},"inLanguage":"fr-FR","potentialAction":[{"@type":"ReadAction","target":["https:\/\/pitourbain.ca\/fr\/garderie-chien-chat\/"]}]},{"@type":"ImageObject","inLanguage":"fr-FR","@id":"https:\/\/pitourbain.ca\/fr\/garderie-chien-chat\/#primaryimage","url":"https:\/\/pitourbain.ca\/wp-content\/uploads\/2019\/05\/pitourbain-chienetchat2_0-300x175.jpg","contentUrl":"https:\/\/pitourbain.ca\/wp-content\/uploads\/2019\/05\/pitourbain-chienetchat2_0-300x175.jpg"},{"@type":"BreadcrumbList","@id":"https:\/\/pitourbain.ca\/fr\/garderie-chien-chat\/#breadcrumb","itemListElement":[{"@type":"ListItem","position":1,"name":"Accueil","item":"https:\/\/pitourbain.ca\/fr\/"},{"@type":"ListItem","position":2,"name":"Garderie pour chien \/ Pension \u00e9ducative"}]},{"@type":"WebSite","@id":"https:\/\/pitourbain.ca\/fr\/#website","url":"https:\/\/pitourbain.ca\/fr\/","name":"Pitou Urbain","description":"","potentialAction":[{"@type":"SearchAction","target":{"@type":"EntryPoint","urlTemplate":"https:\/\/pitourbain.ca\/fr\/?s={search_term_string}"},"query-input":{"@type":"PropertyValueSpecification","valueRequired":true,"valueName":"search_term_string"}}],"inLanguage":"fr-FR"}]}},"_links":{"self":[{"href":"https:\/\/pitourbain.ca\/fr\/wp-json\/wp\/v2\/pages\/5150"}],"collection":[{"href":"https:\/\/pitourbain.ca\/fr\/wp-json\/wp\/v2\/pages"}],"about":[{"href":"https:\/\/pitourbain.ca\/fr\/wp-json\/wp\/v2\/types\/page"}],"author":[{"embeddable":true,"href":"https:\/\/pitourbain.ca\/fr\/wp-json\/wp\/v2\/users\/1"}],"replies":[{"embeddable":true,"href":"https:\/\/pitourbain.ca\/fr\/wp-json\/wp\/v2\/comments?post=5150"}],"version-history":[{"count":1,"href":"https:\/\/pitourbain.ca\/fr\/wp-json\/wp\/v2\/pages\/5150\/revisions"}],"predecessor-version":[{"id":5190,"href":"https:\/\/pitourbain.ca\/fr\/wp-json\/wp\/v2\/pages\/5150\/revisions\/5190"}],"wp:attachment":[{"href":"https:\/\/pitourbain.ca\/fr\/wp-json\/wp\/v2\/media?parent=5150"}],"curies":[{"name":"wp","href":"https:\/\/api.w.org\/{rel}","templated":true}]}}