{"id":6,"date":"2015-10-15T15:47:04","date_gmt":"2015-10-15T14:47:04","guid":{"rendered":"http:\/\/wp-base.eliappdrupal1.elisys-servers.ca\/fr\/?page_id=6"},"modified":"2019-07-24T16:26:15","modified_gmt":"2019-07-24T20:26:15","slug":"accueil","status":"publish","type":"page","link":"https:\/\/pitourbain.ca\/fr\/","title":{"rendered":"Faites affaire avec Pitou Urbain"},"content":{"rendered":"<p><strong>Souhaitez-vous<\/strong> que votre chien \u00e9coute mieux?<\/p>\n<p>Avez-vous l&rsquo;impression de <strong>perdre le contr\u00f4le<\/strong>?<\/p>\n<p><strong>Votre chien vous ignore<\/strong> quand il est distrait?<\/p>\n<p>Vous n&rsquo;arrivez pas \u00e0 bout de son <strong>trop-plein d&rsquo;\u00e9nergie<\/strong>?<\/p>\n<p><strong>D\u00e9sirez-vous<\/strong> trouver une personne de confiance pour prendre soin de votre chien ou chat quand vous ne pouvez pas \u00eatre l\u00e0 pour lui?<\/p>\n<p>Chez <strong>Pitou Urbain<\/strong> nous nous soucions de vous et votre chien. Am\u00e9liorer votre relation avec votre chien est notre objectif premier. C&rsquo;est pourquoi nous vous offrons des solutions \u00e9ducatives et pr\u00e9ventives aux bien-\u00eatre de votre chien.<\/p>\n<p>Alors si vous d\u00e9sirez&#8230;<\/p>\n<h4>APPRENDRE COMMENT \u00caTRE UN MEILLEUR MA\u00ceTRE<\/h4>\n<p>&nbsp;<\/p>\n<h4>CORRIGER DES PROBL\u00c8MES DE COMPORTEMENTS DE VOTRE CHIEN TELS QUE :<\/h4>\n<p>jappe de mani\u00e8re excessive, tire en laisse, saute sur les gens, est agressif envers les chiens ou les gens, est malpropre dans la maison, \u00e9prouve de l&rsquo;anxi\u00e9t\u00e9, etc.<\/p>\n<h4>D\u00c9VELOPPER UNE RELATION HARMONIEUSE AVEC VOTRE CHIEN<\/h4>\n<p>&nbsp;<\/p>\n<h4>VOUS ASSURER QUE TOUS LES BESOINS DE VOTRE ANIMAL SONT REMPLIS, M\u00caME LORSQUE VOUS N&rsquo;\u00caTES PAS AUPR\u00c8S DE LUI<\/h4>\n<p>&nbsp;<\/p>\n<h4>AMENER VOTRE CHIEN PARTOUT ET EN TOUTES OCCASIONS<\/h4>\n<p>&nbsp;<\/p>\n<p>Vous \u00eates au bon endroit!<\/p>\n<p><a href=\"https:\/\/pitourbain.ca\/fr\/contactez-nous\/\">Contactez-nous par email ou appelez-nous<\/a> aujourd&rsquo;hui pour discuter de votre chien<br \/>\n514 467-3956<\/p>\n<h2>NOUS OFFRONS DES SERVICES DE GARDERIE, COURS D&rsquo;OB\u00c9ISSANCE (DRESSAGE) POUR CHIEN<\/h2>\n<ul>\n<li><a href=\"https:\/\/pitourbain.ca\/fr\/dressage\/\">Cours d&rsquo;ob\u00e9issance &#8211; maternelle, base 1 et 2, freestyle (ob\u00e9 rythm\u00e9e)<\/a><\/li>\n<li><a href=\"https:\/\/pitourbain.ca\/fr\/dressage#comportement\">Consultation priv\u00e9e pour la gestion comportementale<\/a><\/li>\n<li><a href=\"https:\/\/pitourbain.ca\/fr\/dressage#atelier\">Ateliers \u00e9ducatifs<\/a><\/li>\n<li><a href=\"https:\/\/pitourbain.ca\/fr\/promeneur-de-chien\/\">Promenade r\u00e9guli\u00e8re et \u00e9ducative<\/a><\/li>\n<li><a href=\"https:\/\/pitourbain.ca\/fr\/garderie-chien-chat\/#visite\">Visite \u00e0 domicile pour chats et chiens<\/a><\/li>\n<li><a href=\"https:\/\/pitourbain.ca\/fr\/garderie-chien-chat\/\">Garderie et pension<\/a><\/li>\n<li><a href=\"https:\/\/pitourbain.ca\/fr\/pet-taxi\/\">Pet taxi<\/a><\/li>\n<\/ul>\n<p style=\"text-align: center;\"><a href=\"http:\/\/www.cappdt.ca\/\" target=\"_blank\" rel=\"noopener\"><img loading=\"lazy\" decoding=\"async\" class=\"alignleft wp-image-5294 size-full\" src=\"https:\/\/pitourbain.ca\/wp-content\/uploads\/2015\/10\/cappdt-logo-e1559841835767.png\" alt=\"\" width=\"70\" height=\"80\" \/><\/a> <a href=\"https:\/\/www.ckc.ca\/fr\" target=\"_blank\" rel=\"noopener\"><img loading=\"lazy\" decoding=\"async\" class=\"alignleft wp-image-5295 size-full\" src=\"https:\/\/pitourbain.ca\/wp-content\/uploads\/2015\/10\/ckc-logo-e1559841851942.png\" alt=\"\" width=\"105\" height=\"80\" \/><\/a> <img loading=\"lazy\" decoding=\"async\" class=\"alignleft wp-image-5296 size-full\" src=\"https:\/\/pitourbain.ca\/wp-content\/uploads\/2015\/10\/urg-animales-logo-e1559841864385.png\" alt=\"\" width=\"80\" height=\"80\" \/><\/p>\n","protected":false},"excerpt":{"rendered":"<p>Souhaitez-vous que votre chien \u00e9coute mieux? Avez-vous l&rsquo;impression de perdre le contr\u00f4le? Votre chien vous ignore quand il est distrait? Vous n&rsquo;arrivez pas \u00e0 bout de son trop-plein d&rsquo;\u00e9nergie? D\u00e9sirez-vous trouver une personne de confiance pour prendre soin de votre chien ou chat quand vous ne pouvez pas \u00eatre l\u00e0 pour lui? Chez Pitou Urbain &hellip; <a href=\"https:\/\/pitourbain.ca\/fr\/\">Continued<\/a><\/p>\n","protected":false},"author":1,"featured_media":0,"parent":0,"menu_order":0,"comment_status":"closed","ping_status":"closed","template":"","meta":{"_acf_changed":false,"footnotes":""},"class_list":["post-6","page","type-page","status-publish","hentry"],"acf":[],"yoast_head":"<!-- This site is optimized with the Yoast SEO plugin v23.6 - https:\/\/yoast.com\/wordpress\/plugins\/seo\/ -->\n<title>Garderie et dressage pour chiens - Pitou Urbain<\/title>\n<meta name=\"description\" content=\"Les services Pitou Urbain vont de la promenade pour chien jusqu&#039;au dressage de votre compagnon domestique!\" \/>\n<meta name=\"robots\" content=\"index, follow, max-snippet:-1, max-image-preview:large, max-video-preview:-1\" \/>\n<meta property=\"og:locale\" content=\"fr_CA\" \/>\n<meta property=\"og:type\" content=\"article\" \/>\n<meta property=\"og:title\" content=\"Garderie et dressage pour chiens - Pitou Urbain\" \/>\n<meta property=\"og:description\" content=\"Les services Pitou Urbain vont de la promenade pour chien jusqu&#039;au dressage de votre compagnon domestique!\" \/>\n<meta property=\"og:url\" content=\"https:\/\/pitourbain.ca\/fr\/\" \/>\n<meta property=\"og:site_name\" content=\"Pitou Urbain\" \/>\n<meta property=\"article:modified_time\" content=\"2019-07-24T20:26:15+00:00\" \/>\n<meta property=\"og:image\" content=\"https:\/\/pitourbain.ca\/wp-content\/uploads\/2015\/10\/cappdt-logo-e1559841835767.png\" \/>\n<meta name=\"twitter:card\" content=\"summary_large_image\" \/>\n<meta name=\"twitter:label1\" content=\"Dur\u00e9e de lecture estim\u00e9e\" \/>\n\t<meta name=\"twitter:data1\" content=\"1 minute\" \/>\n<script type=\"application\/ld+json\" class=\"yoast-schema-graph\">{\"@context\":\"https:\/\/schema.org\",\"@graph\":[{\"@type\":\"WebPage\",\"@id\":\"https:\/\/pitourbain.ca\/fr\/\",\"url\":\"https:\/\/pitourbain.ca\/fr\/\",\"name\":\"Garderie et dressage pour chiens - Pitou Urbain\",\"isPartOf\":{\"@id\":\"https:\/\/pitourbain.ca\/fr\/#website\"},\"primaryImageOfPage\":{\"@id\":\"https:\/\/pitourbain.ca\/fr\/#primaryimage\"},\"image\":{\"@id\":\"https:\/\/pitourbain.ca\/fr\/#primaryimage\"},\"thumbnailUrl\":\"https:\/\/pitourbain.ca\/wp-content\/uploads\/2015\/10\/cappdt-logo-e1559841835767.png\",\"datePublished\":\"2015-10-15T14:47:04+00:00\",\"dateModified\":\"2019-07-24T20:26:15+00:00\",\"description\":\"Les services Pitou Urbain vont de la promenade pour chien jusqu'au dressage de votre compagnon domestique!\",\"breadcrumb\":{\"@id\":\"https:\/\/pitourbain.ca\/fr\/#breadcrumb\"},\"inLanguage\":\"fr-FR\",\"potentialAction\":[{\"@type\":\"ReadAction\",\"target\":[\"https:\/\/pitourbain.ca\/fr\/\"]}]},{\"@type\":\"ImageObject\",\"inLanguage\":\"fr-FR\",\"@id\":\"https:\/\/pitourbain.ca\/fr\/#primaryimage\",\"url\":\"https:\/\/pitourbain.ca\/wp-content\/uploads\/2015\/10\/cappdt-logo-e1559841835767.png\",\"contentUrl\":\"https:\/\/pitourbain.ca\/wp-content\/uploads\/2015\/10\/cappdt-logo-e1559841835767.png\"},{\"@type\":\"BreadcrumbList\",\"@id\":\"https:\/\/pitourbain.ca\/fr\/#breadcrumb\",\"itemListElement\":[{\"@type\":\"ListItem\",\"position\":1,\"name\":\"Accueil\",\"item\":\"https:\/\/pitourbain.ca\/fr\/\"},{\"@type\":\"ListItem\",\"position\":2,\"name\":\"Faites affaire avec Pitou Urbain\"}]},{\"@type\":\"WebSite\",\"@id\":\"https:\/\/pitourbain.ca\/fr\/#website\",\"url\":\"https:\/\/pitourbain.ca\/fr\/\",\"name\":\"Pitou Urbain\",\"description\":\"\",\"potentialAction\":[{\"@type\":\"SearchAction\",\"target\":{\"@type\":\"EntryPoint\",\"urlTemplate\":\"https:\/\/pitourbain.ca\/fr\/?s={search_term_string}\"},\"query-input\":{\"@type\":\"PropertyValueSpecification\",\"valueRequired\":true,\"valueName\":\"search_term_string\"}}],\"inLanguage\":\"fr-FR\"}]}<\/script>\n<!-- \/ Yoast SEO plugin. -->","yoast_head_json":{"title":"Garderie et dressage pour chiens - Pitou Urbain","description":"Les services Pitou Urbain vont de la promenade pour chien jusqu'au dressage de votre compagnon domestique!","robots":{"index":"index","follow":"follow","max-snippet":"max-snippet:-1","max-image-preview":"max-image-preview:large","max-video-preview":"max-video-preview:-1"},"og_locale":"fr_CA","og_type":"article","og_title":"Garderie et dressage pour chiens - Pitou Urbain","og_description":"Les services Pitou Urbain vont de la promenade pour chien jusqu'au dressage de votre compagnon domestique!","og_url":"https:\/\/pitourbain.ca\/fr\/","og_site_name":"Pitou Urbain","article_modified_time":"2019-07-24T20:26:15+00:00","og_image":[{"url":"https:\/\/pitourbain.ca\/wp-content\/uploads\/2015\/10\/cappdt-logo-e1559841835767.png"}],"twitter_card":"summary_large_image","twitter_misc":{"Dur\u00e9e de lecture estim\u00e9e":"1 minute"},"schema":{"@context":"https:\/\/schema.org","@graph":[{"@type":"WebPage","@id":"https:\/\/pitourbain.ca\/fr\/","url":"https:\/\/pitourbain.ca\/fr\/","name":"Garderie et dressage pour chiens - Pitou Urbain","isPartOf":{"@id":"https:\/\/pitourbain.ca\/fr\/#website"},"primaryImageOfPage":{"@id":"https:\/\/pitourbain.ca\/fr\/#primaryimage"},"image":{"@id":"https:\/\/pitourbain.ca\/fr\/#primaryimage"},"thumbnailUrl":"https:\/\/pitourbain.ca\/wp-content\/uploads\/2015\/10\/cappdt-logo-e1559841835767.png","datePublished":"2015-10-15T14:47:04+00:00","dateModified":"2019-07-24T20:26:15+00:00","description":"Les services Pitou Urbain vont de la promenade pour chien jusqu'au dressage de votre compagnon domestique!","breadcrumb":{"@id":"https:\/\/pitourbain.ca\/fr\/#breadcrumb"},"inLanguage":"fr-FR","potentialAction":[{"@type":"ReadAction","target":["https:\/\/pitourbain.ca\/fr\/"]}]},{"@type":"ImageObject","inLanguage":"fr-FR","@id":"https:\/\/pitourbain.ca\/fr\/#primaryimage","url":"https:\/\/pitourbain.ca\/wp-content\/uploads\/2015\/10\/cappdt-logo-e1559841835767.png","contentUrl":"https:\/\/pitourbain.ca\/wp-content\/uploads\/2015\/10\/cappdt-logo-e1559841835767.png"},{"@type":"BreadcrumbList","@id":"https:\/\/pitourbain.ca\/fr\/#breadcrumb","itemListElement":[{"@type":"ListItem","position":1,"name":"Accueil","item":"https:\/\/pitourbain.ca\/fr\/"},{"@type":"ListItem","position":2,"name":"Faites affaire avec Pitou Urbain"}]},{"@type":"WebSite","@id":"https:\/\/pitourbain.ca\/fr\/#website","url":"https:\/\/pitourbain.ca\/fr\/","name":"Pitou Urbain","description":"","potentialAction":[{"@type":"SearchAction","target":{"@type":"EntryPoint","urlTemplate":"https:\/\/pitourbain.ca\/fr\/?s={search_term_string}"},"query-input":{"@type":"PropertyValueSpecification","valueRequired":true,"valueName":"search_term_string"}}],"inLanguage":"fr-FR"}]}},"_links":{"self":[{"href":"https:\/\/pitourbain.ca\/fr\/wp-json\/wp\/v2\/pages\/6"}],"collection":[{"href":"https:\/\/pitourbain.ca\/fr\/wp-json\/wp\/v2\/pages"}],"about":[{"href":"https:\/\/pitourbain.ca\/fr\/wp-json\/wp\/v2\/types\/page"}],"author":[{"embeddable":true,"href":"https:\/\/pitourbain.ca\/fr\/wp-json\/wp\/v2\/users\/1"}],"replies":[{"embeddable":true,"href":"https:\/\/pitourbain.ca\/fr\/wp-json\/wp\/v2\/comments?post=6"}],"version-history":[{"count":1,"href":"https:\/\/pitourbain.ca\/fr\/wp-json\/wp\/v2\/pages\/6\/revisions"}],"predecessor-version":[{"id":5333,"href":"https:\/\/pitourbain.ca\/fr\/wp-json\/wp\/v2\/pages\/6\/revisions\/5333"}],"wp:attachment":[{"href":"https:\/\/pitourbain.ca\/fr\/wp-json\/wp\/v2\/media?parent=6"}],"curies":[{"name":"wp","href":"https:\/\/api.w.org\/{rel}","templated":true}]}}